{"id":103,"date":"2024-12-18T20:56:52","date_gmt":"2024-12-18T20:56:52","guid":{"rendered":"https:\/\/dev.goodseedeurope.com\/?page_id=103"},"modified":"2024-12-18T23:47:29","modified_gmt":"2024-12-18T23:47:29","slug":"der-versprochene","status":"publish","type":"page","link":"https:\/\/dev.goodseedeurope.com\/?page_id=103","title":{"rendered":"Der Versprochene"},"content":{"rendered":"\n<div class=\"wp-block-group has-global-padding is-layout-constrained wp-block-group-is-layout-constrained\">\n<div class=\"wp-block-columns is-layout-flex wp-container-core-columns-is-layout-28f84493 wp-block-columns-is-layout-flex\">\n<div class=\"wp-block-column is-layout-flow wp-block-column-is-layout-flow\" style=\"flex-basis:33.33%\">\n<figure class=\"wp-block-image size-full\"><img loading=\"lazy\" decoding=\"async\" width=\"278\" height=\"469\" src=\"https:\/\/dev.goodseedeurope.com\/wp-content\/uploads\/2024\/12\/btn_german_040008_front.png\" alt=\"\" class=\"wp-image-65\" srcset=\"https:\/\/dev.goodseedeurope.com\/wp-content\/uploads\/2024\/12\/btn_german_040008_front.png 278w, https:\/\/dev.goodseedeurope.com\/wp-content\/uploads\/2024\/12\/btn_german_040008_front-178x300.png 178w\" sizes=\"auto, (max-width: 278px) 100vw, 278px\" \/><\/figure>\n<\/div>\n\n\n\n<div class=\"wp-block-column is-layout-flow wp-block-column-is-layout-flow\" style=\"flex-basis:66.66%\">\n<p>Der Versprochene ist unser Evangelisations- und J\u00fcngerschaftsbuch Nr. 1 und gleichzeitig auch dasjenige, welches wir am meisten empfehlen m\u00f6chten. In der heutigen Welt erschaffen sich viele ihre eigene Art von Spiritualit\u00e4t, um sich einen Gott nach ihren eigenen W\u00fcnschen zu gestalten. Als Christen fragen wir uns h\u00e4ufig, wie wir auf diese vermischten Weltanschauungen reagieren soll. Der Versprochene gebraucht eine selten benutzte, aber dennoch vollkommen biblische Methode um den Gott der Bibel von anderen spirituellen Formen abzuheben. Dabei werden fortw\u00e4hrend die Fragen \u201eWer ist Jesus Christus?\u201c und \u201eWieso musste er am Kreuz sterben?\u201c beantwortet. Es begr\u00fcndet die Autorit\u00e4t der Schrift und vergleicht behutsam die biblische Sichtweise mit anderen Weltanschauungen auf eine sachliche Art, ohne jegliche Manipulation. Die Interaktive Ausgabe (nur in englisch) erg\u00e4nzt den Text mit 66 Videoclips.<\/p>\n<\/div>\n<\/div>\n<\/div>\n\n\n\n<div class=\"wp-block-columns is-layout-flex wp-container-core-columns-is-layout-28f84493 wp-block-columns-is-layout-flex\">\n<div class=\"wp-block-column is-layout-flow wp-block-column-is-layout-flow\" style=\"flex-basis:100%\"><\/div>\n<\/div>\n\n\n\n<h2 class=\"wp-block-heading alignfull has-text-align-center has-pale-cyan-blue-background-color has-background has-x-large-font-size\">BESONDERE MERKMALE<\/h2>\n\n\n\n<div class=\"wp-block-group has-global-padding is-content-justification-right is-layout-constrained wp-container-core-group-is-layout-9778699f wp-block-group-is-layout-constrained\" style=\"border-width:1px;border-radius:10px;padding-top:var(--wp--preset--spacing--30);padding-right:var(--wp--preset--spacing--30);padding-bottom:var(--wp--preset--spacing--30);padding-left:var(--wp--preset--spacing--30)\">\n<div class=\"wp-block-columns is-layout-flex wp-container-core-columns-is-layout-28f84493 wp-block-columns-is-layout-flex\">\n<div class=\"wp-block-column is-layout-flow wp-block-column-is-layout-flow\">\n<p id=\"u18412-3\"><strong>Alter:<\/strong> F\u00fcr Erwachsene und Jugendliche geeignet.<\/p>\n\n\n\n<p id=\"u18412-6\"><strong>F\u00fcr alle Weltanschauungen: <\/strong>Das Buch geht von einer postmodernen, nachchristlichen, s\u00e4kularen Denkweise aus. Es befasst sich ebenfalls mit aufkommenden Fragen aus dem Polytheismus, Pantheismus, Animismus, Agnostizismus und Atheismus.<\/p>\n\n\n\n<p id=\"u18412-9\"><strong>Annahme:<\/strong> Es wird davon ausgegangen, dass der Leser nur wenig, oder gar kein biblisches Vorwissen hat.<\/p>\n\n\n\n<p id=\"u18412-12\"><strong>Chronologisch: <\/strong>Beginnend mit der Erschaffung des Universums, erz\u00e4hlt das Buch fortlaufend wichtige Ereignisse aus dem Alten Testament, bis es zum Neuen Testament gelangt, wo die Bedeutung von Jesu Tod am Kreuz aufgezeigt wird. Die Hauptbotschaft der Bibel wird in einer umfassenden und zusammenh\u00e4ngenden Erz\u00e4hlung pr\u00e4sentiert.<\/p>\n\n\n\n<p id=\"u18412-15\"><strong>Basiert auf dem Johannesevangelium:<\/strong> Es wird der Aufbau des Johannesevangeliums gebraucht, wobei gleichzeitig das notwendige Hintergrundwissen aufgezeigt wird, damit der Leser den Zusammenhang versteht. Dabei wird davon ausgegangen, dass der Leser nur wenig, oder gar kein Vorwissen \u00fcber die Bibel hat.<\/p>\n<\/div>\n\n\n\n<div class=\"wp-block-column is-layout-flow wp-block-column-is-layout-flow\">\n<p id=\"u18413-3\"><strong>Der Gott der Bibel wird hervorgehoben: <\/strong>Es zeigt auf, was den Gott der Bibel einzigartig macht und was ihn von allen G\u00f6ttern unterscheidet.<\/p>\n\n\n\n<p id=\"u18413-6\"><strong>Kein Fachjargon: <\/strong>Der Leser wird ohne theologische Fachtermini an die Bibel herangef\u00fchrt.<\/p>\n\n\n\n<p id=\"u18413-9\"><strong>Objektiv:<\/strong> Erlaubt der Bibel f\u00fcr sich selbst zu sprechen, wenn die Frohe Botschaft von dem Herrn Jesus Christus pr\u00e4sentiert wird. Es wird kein Druck auf den Leser ausge\u00fcbt, oder versucht ihn zum Glauben zu \u00fcberreden. Die Botschaft wird objektiv dargestellt; die Entscheidung, zu glauben oder nicht zu glauben, wird dem Leser \u00fcberlassen.<\/p>\n\n\n\n<p id=\"u18413-12\"><strong>Bibelverse: <\/strong>Das Buch ist in Erz\u00e4hlform geschrieben, wobei 1570 Bibelverse in den fortlaufenden Text eingebunden wurden. So kommt der Leser selber mit dem Bibeltext in Ber\u00fchrung.<\/p>\n\n\n\n<p id=\"u18413-15\"><strong>Veranschaulichungen: <\/strong>Mehr als 100 Zeichnungen, Karten und Diagramme helfen die Botschaft verst\u00e4ndlich zu erkl\u00e4ren.<\/p>\n\n\n\n<p id=\"u18413-18\"><strong>Zum Weitergeben:<\/strong> Das Buch kann genauso wie ein Traktat weitergegeben werden. Es wurde so geschrieben, dass der Leser die Botschaft der Bibel eigenst\u00e4ndig verstehen kann.<\/p>\n\n\n\n<p id=\"u18413-21\"><strong>F\u00fcr Kleingruppen: <\/strong>Das Buch kann ebenfalls sehr gut im Rahmen eines Kurses benutzt werden.<\/p>\n<\/div>\n<\/div>\n<\/div>\n\n\n\n<h4 class=\"wp-block-heading alignfull has-text-align-center has-background\" style=\"background-color:#ffefb1\">DEUTSCH<\/h4>\n\n\n\n<div class=\"wp-block-group has-global-padding is-layout-constrained wp-block-group-is-layout-constrained\">\n<div class=\"wp-block-columns is-layout-flex wp-container-core-columns-is-layout-28f84493 wp-block-columns-is-layout-flex\">\n<div class=\"wp-block-column is-layout-flow wp-block-column-is-layout-flow\" style=\"flex-basis:33.33%\">\n<figure class=\"wp-block-image size-medium is-resized\"><img loading=\"lazy\" decoding=\"async\" width=\"178\" height=\"300\" src=\"https:\/\/dev.goodseedeurope.com\/wp-content\/uploads\/2024\/12\/btn_german_040008_front-178x300.png\" alt=\"\" class=\"wp-image-65\" style=\"width:110px\" srcset=\"https:\/\/dev.goodseedeurope.com\/wp-content\/uploads\/2024\/12\/btn_german_040008_front-178x300.png 178w, https:\/\/dev.goodseedeurope.com\/wp-content\/uploads\/2024\/12\/btn_german_040008_front.png 278w\" sizes=\"auto, (max-width: 178px) 100vw, 178px\" \/><\/figure>\n<\/div>\n\n\n\n<div class=\"wp-block-column is-vertically-aligned-center is-layout-flow wp-block-column-is-layout-flow\" style=\"flex-basis:66.66%\">\n<p class=\"has-large-font-size\">Der Versprochene<br><strong>Deutsch<\/strong><\/p>\n<\/div>\n<\/div>\n\n\n\n<p style=\"padding-right:0;padding-left:0;line-height:0\">Herunterladen<\/p>\n\n\n\n<hr class=\"wp-block-separator has-alpha-channel-opacity is-style-wide\" style=\"margin-top:11px;margin-bottom:11px\"\/>\n\n\n\n<div class=\"wp-block-buttons has-custom-font-size has-small-font-size is-layout-flex wp-block-buttons-is-layout-flex\">\n<div class=\"wp-block-button has-custom-font-size is-style-fill has-small-font-size\" style=\"line-height:0.7\"><a class=\"wp-block-button__link has-pale-cyan-blue-background-color has-background wp-element-button\" href=\"https:\/\/free.goodseed.com\/btn-deu-pdf.html\" style=\"border-radius:0px\">PDF<\/a><\/div>\n\n\n\n<div class=\"wp-block-button has-custom-font-size has-small-font-size\" style=\"line-height:0.7\"><a class=\"wp-block-button__link has-pale-cyan-blue-background-color has-background wp-element-button\" href=\"http:\/\/free.goodseed.com\/btn-deu-epub.html\">ePub<\/a><\/div>\n\n\n\n<div class=\"wp-block-button has-custom-font-size has-small-font-size\" style=\"line-height:0.7\"><a class=\"wp-block-button__link has-pale-cyan-blue-background-color has-background wp-element-button\" href=\"http:\/\/free.goodseed.com\/btn-deu-mobi.html\">kindle<\/a><\/div>\n\n\n\n<div class=\"wp-block-button\" style=\"line-height:0.7\"><a class=\"wp-block-button__link has-pale-cyan-blue-background-color has-background wp-element-button\" href=\"https:\/\/www.amazon.de\/Versprochene-neuer-Blick-Leben-German-ebook\/dp\/B01HIW8ZUY\">Amazon<\/a><\/div>\n\n\n\n<div class=\"wp-block-button has-custom-font-size has-small-font-size\" style=\"line-height:0.7\"><a class=\"wp-block-button__link has-pale-cyan-blue-background-color has-background wp-element-button\" href=\"https:\/\/books.apple.com\/de\/book\/der-versprochene\/id1127935091\">Apple<\/a><\/div>\n\n\n\n<div class=\"wp-block-button has-custom-font-size has-small-font-size\" style=\"line-height:0.7\"><a class=\"wp-block-button__link has-pale-cyan-blue-background-color has-background wp-element-button\" href=\"https:\/\/play.google.com\/store\/books\/details?id=GjuDDAAAQBAJ&amp;hl=de&amp;pli=1\">Google Play<\/a><\/div>\n\n\n\n<div class=\"wp-block-button has-custom-font-size has-small-font-size\" style=\"line-height:0.7\"><a class=\"wp-block-button__link has-pale-cyan-blue-background-color has-background wp-element-button\" href=\"https:\/\/books.google.ca\/books?id=VGXoDQAAQBAJ&amp;hl=de&amp;redir_esc=y\">Google Books<\/a><\/div>\n<\/div>\n\n\n\n<p><\/p>\n\n\n\n<p style=\"line-height:0\">ONLINE BESTELLEN<\/p>\n\n\n\n<hr class=\"wp-block-separator has-alpha-channel-opacity is-style-wide\" style=\"margin-top:11px;margin-bottom:11px\"\/>\n\n\n\n<div class=\"wp-block-buttons is-layout-flex wp-block-buttons-is-layout-flex\">\n<div class=\"wp-block-button has-custom-font-size has-small-font-size\" style=\"line-height:0.7\"><a class=\"wp-block-button__link has-base-color has-text-color has-background has-link-color wp-element-button\" href=\"https:\/\/cmv-duesseldorf.de\/produkt\/der-versprochene\/\" style=\"background-color:#527cac\">EU<\/a><\/div>\n\n\n\n<div class=\"wp-block-button has-custom-font-size has-small-font-size\" style=\"line-height:0.7\"><a class=\"wp-block-button__link has-base-color has-text-color has-background has-link-color wp-element-button\" href=\"https:\/\/www.amazon.de\/dp\/1773040073\/\" style=\"background-color:#527cac\">Amazon<\/a><\/div>\n<\/div>\n<\/div>\n\n\n\n<h4 class=\"wp-block-heading alignfull has-text-align-center has-background\" style=\"background-color:#ffefb1\">ANDERE SPRACHEN<\/h4>\n\n\n\n<p><a href=\"http:\/\/ca.goodseed.com\">GoodSeed Canada Store<\/a><br><a href=\"http:\/\/au.goodseed.com\">GoodSeed Australia Store<\/a><br><\/p>\n\n\n\n<p><a href=\"https:\/\/www.amazon.de\/stores\/John-R.-Cross\/author\/B00LTCYT4G?language=en&amp;ref=ap_rdr&amp;isDramIntegrated=true&amp;shoppingPortalEnabled=true\" data-type=\"link\" data-id=\"https:\/\/www.amazon.de\/stores\/John-R.-Cross\/author\/B00LTCYT4G?language=en&amp;ref=ap_rdr&amp;isDramIntegrated=true&amp;shoppingPortalEnabled=true\">Amazon.de<\/a><\/p>\n\n\n\n<p><\/p>\n","protected":false},"excerpt":{"rendered":"<p>Der Versprochene ist unser Evangelisations- und J\u00fcngerschaftsbuch Nr. 1 und gleichzeitig auch dasjenige, welches wir am meisten empfehlen m\u00f6chten. In der heutigen Welt erschaffen sich viele ihre eigene Art von Spiritualit\u00e4t, um sich einen Gott nach ihren eigenen W\u00fcnschen zu gestalten. Als Christen fragen wir uns h\u00e4ufig, wie wir auf diese vermischten Weltanschauungen reagieren soll. [&hellip;]<\/p>\n","protected":false},"author":1,"featured_media":0,"parent":0,"menu_order":0,"comment_status":"closed","ping_status":"closed","template":"","meta":{"footnotes":""},"class_list":["post-103","page","type-page","status-publish","hentry"],"_links":{"self":[{"href":"https:\/\/dev.goodseedeurope.com\/index.php?rest_route=\/wp\/v2\/pages\/103","targetHints":{"allow":["GET"]}}],"collection":[{"href":"https:\/\/dev.goodseedeurope.com\/index.php?rest_route=\/wp\/v2\/pages"}],"about":[{"href":"https:\/\/dev.goodseedeurope.com\/index.php?rest_route=\/wp\/v2\/types\/page"}],"author":[{"embeddable":true,"href":"https:\/\/dev.goodseedeurope.com\/index.php?rest_route=\/wp\/v2\/users\/1"}],"replies":[{"embeddable":true,"href":"https:\/\/dev.goodseedeurope.com\/index.php?rest_route=%2Fwp%2Fv2%2Fcomments&post=103"}],"version-history":[{"count":6,"href":"https:\/\/dev.goodseedeurope.com\/index.php?rest_route=\/wp\/v2\/pages\/103\/revisions"}],"predecessor-version":[{"id":125,"href":"https:\/\/dev.goodseedeurope.com\/index.php?rest_route=\/wp\/v2\/pages\/103\/revisions\/125"}],"wp:attachment":[{"href":"https:\/\/dev.goodseedeurope.com\/index.php?rest_route=%2Fwp%2Fv2%2Fmedia&parent=103"}],"curies":[{"name":"wp","href":"https:\/\/api.w.org\/{rel}","templated":true}]}}