{"id":122,"date":"2024-12-18T23:46:41","date_gmt":"2024-12-18T23:46:41","guid":{"rendered":"https:\/\/dev.goodseedeurope.com\/?page_id=122"},"modified":"2024-12-18T23:46:41","modified_gmt":"2024-12-18T23:46:41","slug":"der-fremde-auf-dem-weg-nach-emmaus","status":"publish","type":"page","link":"https:\/\/dev.goodseedeurope.com\/?page_id=122","title":{"rendered":"Der Fremde auf dem Weg nach Emmaus"},"content":{"rendered":"\n<div class=\"wp-block-group has-global-padding is-layout-constrained wp-block-group-is-layout-constrained\">\n<div class=\"wp-block-columns is-layout-flex wp-container-core-columns-is-layout-28f84493 wp-block-columns-is-layout-flex\">\n<div class=\"wp-block-column is-layout-flow wp-block-column-is-layout-flow\" style=\"flex-basis:33.33%\">\n<figure class=\"wp-block-image size-full\"><img loading=\"lazy\" decoding=\"async\" width=\"278\" height=\"469\" src=\"https:\/\/dev.goodseedeurope.com\/wp-content\/uploads\/2024\/12\/str_german_020005_front.png\" alt=\"\" class=\"wp-image-64\" srcset=\"https:\/\/dev.goodseedeurope.com\/wp-content\/uploads\/2024\/12\/str_german_020005_front.png 278w, https:\/\/dev.goodseedeurope.com\/wp-content\/uploads\/2024\/12\/str_german_020005_front-178x300.png 178w\" sizes=\"auto, (max-width: 278px) 100vw, 278px\" \/><\/figure>\n<\/div>\n\n\n\n<div class=\"wp-block-column is-layout-flow wp-block-column-is-layout-flow\" style=\"flex-basis:66.66%\">\n<p><em>Der Fremde auf dem Weg nach Emmaus<\/em> verleiht dem Leser einen soliden \u00dcberblick \u00fcber die Kernbotschaft der Bibel. Das Buch verkn\u00fcpft alt- und neutestamentliche Schl\u00fcsselgeschichten, um das Wesen Gottes und die Natur der S\u00fcnde aufzuzeigen. Dabei werden durchgehend zwei Fragen beantwortet: \u201eWer ist Jesus Christus?\u201d und \u201eWarum musste er am Kreuz sterben?\u201d Das Buch hilft dem Leser die Hauptbotschaft der Bibel deutlich zu verstehen.<\/p>\n\n\n\n<p>\u201eDie Bibel ergibt jetzt viel mehr Sinn!\u201d &#8211; Lesermeinung<\/p>\n<\/div>\n<\/div>\n<\/div>\n\n\n\n<p>Das Buch eignet sich hervorragend f\u00fcr Menschen mit einem christlichen Hintergrund, egal ob evangelisch, katholisch oder orthodox. Es wird davon ausgegangen, dass der Leser eine monotheistische Sichtweise hat und davon ausgeht, dass Gott eine Person und keine unpers\u00f6nliche Kraft ist.<\/p>\n\n\n\n<h2 class=\"wp-block-heading alignfull has-text-align-center has-pale-cyan-blue-background-color has-background has-x-large-font-size\">BESONDERE MERKMALE<\/h2>\n\n\n\n<div class=\"wp-block-group has-global-padding is-content-justification-right is-layout-constrained wp-container-core-group-is-layout-9778699f wp-block-group-is-layout-constrained\" style=\"border-width:1px;border-radius:10px;padding-top:var(--wp--preset--spacing--30);padding-right:var(--wp--preset--spacing--30);padding-bottom:var(--wp--preset--spacing--30);padding-left:var(--wp--preset--spacing--30)\">\n<div class=\"wp-block-columns is-layout-flex wp-container-core-columns-is-layout-28f84493 wp-block-columns-is-layout-flex\">\n<div class=\"wp-block-column is-layout-flow wp-block-column-is-layout-flow\">\n<p id=\"u18412-3\"><strong>Alter:<\/strong> Geschrieben f\u00fcr Erwachsene und Teenager, aber auch Kinder ab 10 Jahren k\u00f6nnen dieses Buch bereits verstehen.<\/p>\n\n\n\n<p id=\"u18412-6\"><strong>Geeignet f\u00fcr folgende Leser: <\/strong>Geeignet f\u00fcr Leser aus einem christlichen kulturellen Hintergrund, die glauben, dass Gott ein pers\u00f6nliches Wesen ist. Dar\u00fcber hinaus wird kein biblisches Vorwissen vorausgesetzt. Ebenfalls f\u00fcr J\u00fcngerschaft oder Grundlagenlehre geeignet.<\/p>\n\n\n\n<p><strong>Bibelverse: <\/strong>Das Buch ist in Erz\u00e4hlform geschrieben, wobei 1177 Bibelverse in den fortlaufenden Text eingebunden wurden. So kommt der Leser selber mit dem Bibeltext in Ber\u00fchrung.<\/p>\n\n\n\n<p><strong>Veranschaulichungen: <\/strong>Mehr als 100 Zeichnungen, Karten und Diagramme helfen die Botschaft verst\u00e4ndlich zu erkl\u00e4ren.<\/p>\n\n\n\n<p id=\"u18412-15\"><strong>Chronologisch: <\/strong>Beginnend mit der Erschaffung des Universums, erz\u00e4hlt das Buch fortlaufend wichtige Ereignisse aus dem Alten Testament, bis es zum Neuen Testament gelangt, wo die Bedeutung von Jesu Tod am Kreuz aufgezeigt wird. Die Hauptbotschaft der Bibel wird in einer umfassenden und zusammenh\u00e4ngenden Erz\u00e4hlung pr\u00e4sentiert.<\/p>\n<\/div>\n\n\n\n<div class=\"wp-block-column is-layout-flow wp-block-column-is-layout-flow\">\n<p id=\"u18413-3\"><strong>Basiert auf dem Johannesevangelium:<\/strong> In Der Fremde wird der Aufbau des Johannesevangeliums gebraucht, wobei gleichzeitig das notwendige Hintergrundwissen aufgezeigt wird, damit der Leser den Zusammenhang versteht. Dabei wird davon ausgegangen, dass der Leser nur wenig, oder gar kein Vorwissen \u00fcber die Bibel hat.<\/p>\n\n\n\n<p><strong>Kein Fachjargon:<\/strong> Der Leser wird ohne theologische Fachtermini an die Bibel herangef\u00fchrt.<\/p>\n\n\n\n<p><strong>Objektiv:<\/strong> Erlaubt der Bibel f\u00fcr sich selbst zu sprechen, wenn die Frohe Botschaft von dem Herrn Jesus Christus pr\u00e4sentiert wird. Es wird kein Druck auf den Leser ausge\u00fcbt, oder versucht ihn zum Glauben zu \u00fcberreden. Die Botschaft wird objektiv dargestellt; die Entscheidung, zu glauben oder nicht zu glauben, wird dem Leser \u00fcberlassen.<\/p>\n\n\n\n<p><strong>Zum Weitergeben:<\/strong> Das Buch kann genauso wie ein Traktat weitergegeben werden. Es wurde so geschrieben, dass der Leser die Botschaft der Bibel eigenst\u00e4ndig verstehen kann.<\/p>\n\n\n\n<p id=\"u18413-21\"><strong>F\u00fcr Kleingruppen:<\/strong> Das Buch kann ebenfalls sehr gut im Rahmen eines Kurses benutzt werden.<\/p>\n<\/div>\n<\/div>\n<\/div>\n\n\n\n<h4 class=\"wp-block-heading alignfull has-text-align-center has-background\" style=\"background-color:#ffefb1\">DEUTSCH<\/h4>\n\n\n\n<div class=\"wp-block-group has-global-padding is-layout-constrained wp-block-group-is-layout-constrained\">\n<div class=\"wp-block-columns is-layout-flex wp-container-core-columns-is-layout-28f84493 wp-block-columns-is-layout-flex\">\n<div class=\"wp-block-column is-layout-flow wp-block-column-is-layout-flow\" style=\"flex-basis:33.33%\">\n<figure class=\"wp-block-image size-medium is-resized\"><img loading=\"lazy\" decoding=\"async\" width=\"178\" height=\"300\" src=\"https:\/\/dev.goodseedeurope.com\/wp-content\/uploads\/2024\/12\/str_german_020005_front-178x300.png\" alt=\"\" class=\"wp-image-64\" style=\"width:110px\" srcset=\"https:\/\/dev.goodseedeurope.com\/wp-content\/uploads\/2024\/12\/str_german_020005_front-178x300.png 178w, https:\/\/dev.goodseedeurope.com\/wp-content\/uploads\/2024\/12\/str_german_020005_front.png 278w\" sizes=\"auto, (max-width: 178px) 100vw, 178px\" \/><\/figure>\n<\/div>\n\n\n\n<div class=\"wp-block-column is-vertically-aligned-center is-layout-flow wp-block-column-is-layout-flow\" style=\"flex-basis:66.66%\">\n<p class=\"has-large-font-size\"><em>Der Fremde auf dem Weg nach Emmaus<\/em><br><strong>Deutsch<\/strong><\/p>\n<\/div>\n<\/div>\n\n\n\n<p style=\"padding-right:0;padding-left:0;line-height:0\">Herunterladen<\/p>\n\n\n\n<hr class=\"wp-block-separator has-alpha-channel-opacity is-style-wide\" style=\"margin-top:11px;margin-bottom:11px\"\/>\n\n\n\n<div class=\"wp-block-buttons has-custom-font-size has-small-font-size is-layout-flex wp-block-buttons-is-layout-flex\">\n<div class=\"wp-block-button has-custom-font-size is-style-fill has-small-font-size\" style=\"line-height:0.7\"><a class=\"wp-block-button__link has-pale-cyan-blue-background-color has-background wp-element-button\" href=\"http:\/\/free.goodseed.com\/str-deu-pdf.html\" style=\"border-radius:0px\">PDF<\/a><\/div>\n\n\n\n<div class=\"wp-block-button has-custom-font-size has-small-font-size\" style=\"line-height:0.7\"><a class=\"wp-block-button__link has-pale-cyan-blue-background-color has-background wp-element-button\" href=\"http:\/\/free.goodseed.com\/str-deu-epub.html\">ePub<\/a><\/div>\n\n\n\n<div class=\"wp-block-button has-custom-font-size has-small-font-size\" style=\"line-height:0.7\"><a class=\"wp-block-button__link has-pale-cyan-blue-background-color has-background wp-element-button\" href=\"http:\/\/free.goodseed.com\/str-deu-mobi.html\">kindle<\/a><\/div>\n\n\n\n<div class=\"wp-block-button\" style=\"line-height:0.7\"><a class=\"wp-block-button__link has-pale-cyan-blue-background-color has-background wp-element-button\" href=\"https:\/\/books.apple.com\/us\/book\/der-fremde-auf-dem-weg-nach-emmaus\/id1034875786\">Amazon<\/a><\/div>\n\n\n\n<div class=\"wp-block-button has-custom-font-size has-small-font-size\" style=\"line-height:0.7\"><a class=\"wp-block-button__link has-pale-cyan-blue-background-color has-background wp-element-button\" href=\"https:\/\/books.apple.com\/de\/book\/der-versprochene\/id1127935091\">Apple<\/a><\/div>\n\n\n\n<div class=\"wp-block-button has-custom-font-size has-small-font-size\" style=\"line-height:0.7\"><a class=\"wp-block-button__link has-pale-cyan-blue-background-color has-background wp-element-button\" href=\"https:\/\/play.google.com\/store\/books\/details?id=aBJzCgAAQBAJ&amp;hl=de\">Google Play<\/a><\/div>\n\n\n\n<div class=\"wp-block-button has-custom-font-size has-small-font-size\" style=\"line-height:0.7\"><a class=\"wp-block-button__link has-pale-cyan-blue-background-color has-background wp-element-button\" href=\"https:\/\/play.google.com\/store\/books\/details?id=aBJzCgAAQBAJ\">Google Books<\/a><\/div>\n<\/div>\n\n\n\n<p><\/p>\n\n\n\n<p style=\"line-height:0\">ONLINE BESTELLEN<\/p>\n\n\n\n<hr class=\"wp-block-separator has-alpha-channel-opacity is-style-wide\" style=\"margin-top:11px;margin-bottom:11px\"\/>\n\n\n\n<div class=\"wp-block-buttons is-layout-flex wp-block-buttons-is-layout-flex\">\n<div class=\"wp-block-button has-custom-font-size has-small-font-size\" style=\"line-height:0.7\"><a class=\"wp-block-button__link has-base-color has-text-color has-background has-link-color wp-element-button\" href=\"https:\/\/cmv-duesseldorf.de\/produkt\/der-fremde-auf-dem-weg-nach-emmaus-2\/\" style=\"background-color:#527cac\">EU<\/a><\/div>\n\n\n\n<div class=\"wp-block-button has-custom-font-size has-small-font-size\" style=\"line-height:0.7\"><a class=\"wp-block-button__link has-base-color has-text-color has-background has-link-color wp-element-button\" href=\"http:\/\/ca.goodseed.com\/the-stranger-on-the-road-to-emmaus-german\/\" style=\"background-color:#527cac\">CAN<\/a><\/div>\n\n\n\n<div class=\"wp-block-button has-custom-font-size has-small-font-size\" style=\"line-height:0.7\"><a class=\"wp-block-button__link has-base-color has-text-color has-background has-link-color wp-element-button\" href=\"http:\/\/au.goodseed.com\/the-stranger-on-the-road-to-emmaus-german\/\" style=\"background-color:#527cac\">AU<\/a><\/div>\n\n\n\n<div class=\"wp-block-button has-custom-font-size has-small-font-size\" style=\"line-height:0.7\"><a class=\"wp-block-button__link has-base-color has-text-color has-background has-link-color wp-element-button\" href=\"https:\/\/www.amazon.de\/dp\/1927429811\/\" style=\"background-color:#527cac\">Amazon<\/a><\/div>\n<\/div>\n<\/div>\n\n\n\n<h4 class=\"wp-block-heading alignfull has-text-align-center has-background\" style=\"background-color:#ffefb1\">ANDERE SPRACHEN<\/h4>\n\n\n\n<p><a href=\"http:\/\/ca.goodseed.com\">GoodSeed Canada Store<\/a><br><a href=\"http:\/\/au.goodseed.com\">GoodSeed Australia Store<\/a><br><\/p>\n\n\n\n<p><a href=\"https:\/\/www.amazon.de\/stores\/John-R.-Cross\/author\/B00LTCYT4G?language=en&amp;ref=ap_rdr&amp;isDramIntegrated=true&amp;shoppingPortalEnabled=true\" data-type=\"link\" data-id=\"https:\/\/www.amazon.de\/stores\/John-R.-Cross\/author\/B00LTCYT4G?language=en&amp;ref=ap_rdr&amp;isDramIntegrated=true&amp;shoppingPortalEnabled=true\">Amazon.de<\/a><\/p>\n\n\n\n<p><\/p>\n","protected":false},"excerpt":{"rendered":"<p>Der Fremde auf dem Weg nach Emmaus verleiht dem Leser einen soliden \u00dcberblick \u00fcber die Kernbotschaft der Bibel. Das Buch verkn\u00fcpft alt- und neutestamentliche Schl\u00fcsselgeschichten, um das Wesen Gottes und die Natur der S\u00fcnde aufzuzeigen. Dabei werden durchgehend zwei Fragen beantwortet: \u201eWer ist Jesus Christus?\u201d und \u201eWarum musste er am Kreuz sterben?\u201d Das Buch hilft [&hellip;]<\/p>\n","protected":false},"author":1,"featured_media":0,"parent":0,"menu_order":0,"comment_status":"closed","ping_status":"closed","template":"","meta":{"footnotes":""},"class_list":["post-122","page","type-page","status-publish","hentry"],"_links":{"self":[{"href":"https:\/\/dev.goodseedeurope.com\/index.php?rest_route=\/wp\/v2\/pages\/122","targetHints":{"allow":["GET"]}}],"collection":[{"href":"https:\/\/dev.goodseedeurope.com\/index.php?rest_route=\/wp\/v2\/pages"}],"about":[{"href":"https:\/\/dev.goodseedeurope.com\/index.php?rest_route=\/wp\/v2\/types\/page"}],"author":[{"embeddable":true,"href":"https:\/\/dev.goodseedeurope.com\/index.php?rest_route=\/wp\/v2\/users\/1"}],"replies":[{"embeddable":true,"href":"https:\/\/dev.goodseedeurope.com\/index.php?rest_route=%2Fwp%2Fv2%2Fcomments&post=122"}],"version-history":[{"count":1,"href":"https:\/\/dev.goodseedeurope.com\/index.php?rest_route=\/wp\/v2\/pages\/122\/revisions"}],"predecessor-version":[{"id":124,"href":"https:\/\/dev.goodseedeurope.com\/index.php?rest_route=\/wp\/v2\/pages\/122\/revisions\/124"}],"wp:attachment":[{"href":"https:\/\/dev.goodseedeurope.com\/index.php?rest_route=%2Fwp%2Fv2%2Fmedia&parent=122"}],"curies":[{"name":"wp","href":"https:\/\/api.w.org\/{rel}","templated":true}]}}