{"id":130,"date":"2024-12-18T23:46:41","date_gmt":"2024-12-18T23:46:41","guid":{"rendered":"https:\/\/dev.goodseedeurope.com\/?page_id=130"},"modified":"2024-12-19T23:07:59","modified_gmt":"2024-12-19T23:07:59","slug":"das-lamm","status":"publish","type":"page","link":"https:\/\/dev.goodseedeurope.com\/?page_id=130","title":{"rendered":"Das Lamm"},"content":{"rendered":"\n<div class=\"wp-block-group has-global-padding is-layout-constrained wp-block-group-is-layout-constrained\">\n<div class=\"wp-block-columns is-layout-flex wp-container-core-columns-is-layout-28f84493 wp-block-columns-is-layout-flex\">\n<div class=\"wp-block-column is-layout-flow wp-block-column-is-layout-flow\" style=\"flex-basis:33.33%\">\n<figure class=\"wp-block-image size-full\"><img loading=\"lazy\" decoding=\"async\" width=\"217\" height=\"197\" src=\"https:\/\/dev.goodseedeurope.com\/wp-content\/uploads\/2024\/12\/lamb_german_softcover_050024_front.png\" alt=\"\" class=\"wp-image-66\"\/><\/figure>\n<\/div>\n\n\n\n<div class=\"wp-block-column is-layout-flow wp-block-column-is-layout-flow\" style=\"flex-basis:66.66%\">\n<p>Wie k\u00f6nnen wir Kindern das Evangelium auf eine Weise erkl\u00e4ren, die sie verstehen? Wie k\u00f6nnen wir ihnen die Notwendigkeit eines Retters aufzeigen, ohne wichtige Details zu verw\u00e4ssern? Wie k\u00f6nnen wir ihre Aufmerksamkeit lange genug aufrechterhalten, um ihnen erkl\u00e4ren zu k\u00f6nnen, worum es in der Bibel geht? Wie k\u00f6nnen wir darauf eingehen, dass sie einfachere Erkl\u00e4rungen brauchen?<\/p>\n<\/div>\n<\/div>\n<\/div>\n\n\n\n<p>Das Lamm wurde f\u00fcr Kinder im Alter von 5 bis 10 Jahren geschrieben. Dieses Bilderbuch spricht Kinder wegen seiner farbigen Bilder an und nimmt sie mit auf eine Reise durch die Heilsbotschaft der Bibel. Beginnend mit der Erschaffung des Universums, erkl\u00e4rt das Buch die wichtigsten biblischen Themen: Wer ist Gott? Was sind Seine Wesenseigenschaften? Was ist S\u00fcnde? Woher kommt das B\u00f6se? Warum brauchen wir einen Erl\u00f6ser? Das Buch endet mit einer deutlichen Darstellung der Person Jesu und Seiner wunderbaren Erl\u00f6sungstat.<\/p>\n\n\n\n<p>Das Lamm veranschaulicht den Zusammenhang von Jesus Christus und dem alttestamentlichen Opferlamm. Themen wie \u201eder Tod\u201d werden dabei ganz offen behandelt. Die Bilder, welche die Erl\u00f6sungsgeschichte umrahmen, sind einf\u00fchlsam gestaltet, ohne die Botschaft zu verw\u00e4ssern. Durch Das Lamm werden Kinder eine Vorstellung davon bekommen wer Gott ist und was Er am Kreuz f\u00fcr die Menschen vollbracht hat. Es ist eine Geschichte der Hoffnung, die jedes Kind h\u00f6ren sollte.<\/p>\n\n\n\n<h2 class=\"wp-block-heading alignfull has-text-align-center has-pale-cyan-blue-background-color has-background has-x-large-font-size\">BESONDERE MERKMALE<\/h2>\n\n\n\n<div class=\"wp-block-group has-global-padding is-content-justification-right is-layout-constrained wp-container-core-group-is-layout-9778699f wp-block-group-is-layout-constrained\" style=\"border-width:1px;border-radius:10px;padding-top:var(--wp--preset--spacing--30);padding-right:var(--wp--preset--spacing--30);padding-bottom:var(--wp--preset--spacing--30);padding-left:var(--wp--preset--spacing--30)\">\n<div class=\"wp-block-columns is-layout-flex wp-container-core-columns-is-layout-28f84493 wp-block-columns-is-layout-flex\">\n<div class=\"wp-block-column is-layout-flow wp-block-column-is-layout-flow\">\n<p id=\"u18412-3\"><strong>Geeignet f\u00fcr folgende Leser: <\/strong>Das Buch erfreut Menschen von Jung bis Alt, aber geschrieben wurde es f\u00fcr Kinder ab f\u00fcnf Jahren.<\/p>\n\n\n\n<p id=\"u18412-6\"><strong>Annahme: <\/strong>Es wird kein biblisches Vorwissen vorausgesetzt.<\/p>\n\n\n\n<p><strong>Zum Weitergeben:<\/strong> Dieses Buch ist ein sch\u00f6nes Geschenk \u2013 egal ob f\u00fcr ein Kind oder eine Familie mit Kindern.<\/p>\n\n\n\n<p><strong>F\u00fcr Andachten:<\/strong> Es kann auch sehr gut bei der Familienandacht oder in der Kinderstunde eingesetzt werden.<\/p>\n\n\n\n<p id=\"u18412-6\"><strong>Chronologisch:<\/strong> Beginnend mit der Erschaffung des Universums, erz\u00e4hlt das Buch fortlaufent wichtige Ereignisse aus dem Alten Testament, bis es zum Neuen Testament gelangt, wo die Bedeutung vom Tod Christi am Kreuz aufgezeigt wird. Die Hauptbotschaft der Bibel wird in einer umfassenden und zusammenh\u00e4ngenden Erz\u00e4hlung pr\u00e4sentiert.<\/p>\n<\/div>\n\n\n\n<div class=\"wp-block-column is-layout-flow wp-block-column-is-layout-flow\">\n<p><strong>Komplett bebildert:<\/strong> 50 farbige Bilder, gemalt von dem K\u00fcnstler Ian Mastin, helfen die Botschaft des Evangeliums lebendig werden zu lassen. (Mehr \u00fcber den K\u00fcnstler auf: ianmastin.com)<\/p>\n\n\n\n<p id=\"u18413-3\"><strong>Grundlegend:<\/strong> Durch die chronologische Vorgehensweise k\u00f6nnen Kinder den \u201eRoten Faden&#8221; der Bibel verstehen.<\/p>\n\n\n\n<p><strong>Zutreffende Darstellung vom Evangelium:<\/strong> Komplexe Themen wie \u201eTod&#8221;, \u201eS\u00fcnde&#8221; oder \u201edas B\u00f6se\u201d werden einf\u00fchlsam und kindgerecht dargestellt.<\/p>\n\n\n\n<p><strong>Wiederholung: <\/strong>Jedes Kapitel beginnt mit einem R\u00fcckblick und endet mit Fragen, um sicherzustellen, dass die Kinder die Botschaft klar verstehen.<\/p>\n\n\n\n<p><strong>Auch f\u00fcr Erwachsene: <\/strong>F\u00fcr \u00e4ltere Menschen, die sich nicht mehr gut \u00fcber eine l\u00e4ngere Zeit konzentrieren k\u00f6nnen, ist dieses Buch ebenfalls gut geeignet<\/p>\n<\/div>\n<\/div>\n<\/div>\n\n\n\n<h4 class=\"wp-block-heading alignfull has-text-align-center has-background\" style=\"background-color:#ffefb1\">DEUTSCH<\/h4>\n\n\n\n<div class=\"wp-block-group has-global-padding is-layout-constrained wp-block-group-is-layout-constrained\">\n<div class=\"wp-block-columns is-layout-flex wp-container-core-columns-is-layout-28f84493 wp-block-columns-is-layout-flex\">\n<div class=\"wp-block-column is-layout-flow wp-block-column-is-layout-flow\" style=\"flex-basis:33.33%\">\n<figure class=\"wp-block-image size-full is-resized\"><img loading=\"lazy\" decoding=\"async\" width=\"217\" height=\"197\" src=\"https:\/\/dev.goodseedeurope.com\/wp-content\/uploads\/2024\/12\/lamb_german_softcover_050024_front.png\" alt=\"\" class=\"wp-image-66\" style=\"width:110px\"\/><\/figure>\n<\/div>\n\n\n\n<div class=\"wp-block-column is-vertically-aligned-center is-layout-flow wp-block-column-is-layout-flow\" style=\"flex-basis:66.66%\">\n<p class=\"has-large-font-size\"><em>Das Lamm<\/em><br><strong>Deutsch<\/strong><\/p>\n<\/div>\n<\/div>\n\n\n\n<p style=\"padding-right:0;padding-left:0;line-height:0\">Herunterladen<\/p>\n\n\n\n<hr class=\"wp-block-separator has-alpha-channel-opacity is-style-wide\" style=\"margin-top:11px;margin-bottom:11px\"\/>\n\n\n\n<div class=\"wp-block-buttons has-custom-font-size has-small-font-size is-layout-flex wp-block-buttons-is-layout-flex\">\n<div class=\"wp-block-button has-custom-font-size is-style-fill has-small-font-size\" style=\"line-height:0.7\"><a class=\"wp-block-button__link has-pale-cyan-blue-background-color has-background wp-element-button\" href=\"http:\/\/free.goodseed.com\/lamb-deu-pdf.html\" style=\"border-radius:0px\">PDF<\/a><\/div>\n\n\n\n<div class=\"wp-block-button has-custom-font-size has-small-font-size\" style=\"line-height:0.7\"><a class=\"wp-block-button__link has-pale-cyan-blue-background-color has-background wp-element-button\">ePub<\/a><\/div>\n\n\n\n<div class=\"wp-block-button has-custom-font-size has-small-font-size\" style=\"line-height:0.7\"><a class=\"wp-block-button__link has-pale-cyan-blue-background-color has-background wp-element-button\" href=\"https:\/\/www.amazon.de\/Das-Lamm-German-John-Cross-ebook\/dp\/B01K5PTE3I\">kindle<\/a><\/div>\n\n\n\n<div class=\"wp-block-button\" style=\"line-height:0.7\"><a class=\"wp-block-button__link has-pale-cyan-blue-background-color has-background wp-element-button\" href=\"https:\/\/books.apple.com\/us\/book\/der-fremde-auf-dem-weg-nach-emmaus\/id1034875786\">Amazon<\/a><\/div>\n\n\n\n<div class=\"wp-block-button has-custom-font-size has-small-font-size\" style=\"line-height:0.7\"><a class=\"wp-block-button__link has-pale-cyan-blue-background-color has-background wp-element-button\" href=\"https:\/\/books.apple.com\/de\/book\/das-lamm\/id1142690167\">Apple<\/a><\/div>\n\n\n\n<div class=\"wp-block-button has-custom-font-size has-small-font-size\" style=\"line-height:0.7\"><a class=\"wp-block-button__link has-pale-cyan-blue-background-color has-background wp-element-button\" href=\"https:\/\/play.google.com\/store\/books\/details?id=myjRDAAAQBAJ&amp;hl=de\">Google Play<\/a><\/div>\n\n\n\n<div class=\"wp-block-button has-custom-font-size has-small-font-size\" style=\"line-height:0.7\"><a class=\"wp-block-button__link has-pale-cyan-blue-background-color has-background wp-element-button\" href=\"https:\/\/books.google.com\/books?id=myjRDAAAQBAJ&amp;hl=de\">Google Books<\/a><\/div>\n\n\n\n<div class=\"wp-block-button has-custom-font-size has-small-font-size\" style=\"line-height:0.7\"><a class=\"wp-block-button__link has-pale-cyan-blue-background-color has-background wp-element-button\" href=\"http:\/\/free.goodseed.com\/lamb-deu-mp3.html\">H\u00d6RBUCH &#8211; MP3 ZIP<\/a><\/div>\n<\/div>\n\n\n\n<p><\/p>\n\n\n\n<p style=\"line-height:0\">ONLINE BESTELLEN<\/p>\n\n\n\n<hr class=\"wp-block-separator has-alpha-channel-opacity is-style-wide\" style=\"margin-top:11px;margin-bottom:11px\"\/>\n\n\n\n<div class=\"wp-block-buttons is-layout-flex wp-block-buttons-is-layout-flex\">\n<div class=\"wp-block-button has-custom-font-size has-small-font-size\" style=\"line-height:0.7\"><a class=\"wp-block-button__link has-base-color has-text-color has-background has-link-color wp-element-button\" href=\"https:\/\/cmv-duesseldorf.de\/produkt\/das-lamm-paperpack\/\" style=\"background-color:#527cac\">EU<\/a><\/div>\n\n\n\n<div class=\"wp-block-button has-custom-font-size has-small-font-size\" style=\"line-height:0.7\"><a class=\"wp-block-button__link has-base-color has-text-color has-background has-link-color wp-element-button\" href=\"https:\/\/ca.goodseed.com\/the-lamb-picture-book-softcover-german\/\" style=\"background-color:#527cac\">CAN<\/a><\/div>\n\n\n\n<div class=\"wp-block-button has-custom-font-size has-small-font-size\" style=\"line-height:0.7\"><a class=\"wp-block-button__link has-base-color has-text-color has-background has-link-color wp-element-button\" href=\"https:\/\/www.amazon.de\/-\/en\/Das-Lamm-John-R-Cross\/dp\/1927429838\/ref=tmm_pap_swatch_0?_encoding=UTF8&amp;dib_tag=se&amp;dib=eyJ2IjoiMSJ9.dHv4wOBocDKwQd1ayAD5gmRUAjefs74LaAc4QkSVSfn7X4u8v4_DYNnM07ooz8RetfHAQe4JSWqzRE8nz79Tj4jH9QtEyE617VzfXvn6fV8VJpjidpbmcL8FVgmTVNDRyqk4CakC2UUA0l9GTHK1tGzfwjdXw4ELUjMpPTf2zU1rc4ycxE2BMEDRLuBGasYKEH-8ng-MQKqAQlfmy-UjJVIJqkqLjDP0x4M564fv6kw.4DwlHZW7b_qkx9Ij66p_imJgmTCOZ0nVBNQzkAyXBzY&amp;qid=1734648537&amp;sr=1-1\" style=\"background-color:#527cac\">Amazon<\/a><\/div>\n<\/div>\n<\/div>\n\n\n\n<h4 class=\"wp-block-heading alignfull has-text-align-center has-background\" style=\"background-color:#ffefb1\">ANDERE SPRACHEN<\/h4>\n\n\n\n<p><a href=\"http:\/\/ca.goodseed.com\">GoodSeed Canada Store<\/a><br><a href=\"http:\/\/au.goodseed.com\">GoodSeed Australia Store<\/a><br><\/p>\n\n\n\n<p><a href=\"https:\/\/www.amazon.de\/stores\/John-R.-Cross\/author\/B00LTCYT4G?language=en&amp;ref=ap_rdr&amp;isDramIntegrated=true&amp;shoppingPortalEnabled=true\" data-type=\"link\" data-id=\"https:\/\/www.amazon.de\/stores\/John-R.-Cross\/author\/B00LTCYT4G?language=en&amp;ref=ap_rdr&amp;isDramIntegrated=true&amp;shoppingPortalEnabled=true\">Amazon.de<\/a><\/p>\n\n\n\n<p><\/p>\n","protected":false},"excerpt":{"rendered":"<p>Wie k\u00f6nnen wir Kindern das Evangelium auf eine Weise erkl\u00e4ren, die sie verstehen? Wie k\u00f6nnen wir ihnen die Notwendigkeit eines Retters aufzeigen, ohne wichtige Details zu verw\u00e4ssern? Wie k\u00f6nnen wir ihre Aufmerksamkeit lange genug aufrechterhalten, um ihnen erkl\u00e4ren zu k\u00f6nnen, worum es in der Bibel geht? Wie k\u00f6nnen wir darauf eingehen, dass sie einfachere Erkl\u00e4rungen [&hellip;]<\/p>\n","protected":false},"author":1,"featured_media":0,"parent":0,"menu_order":0,"comment_status":"closed","ping_status":"closed","template":"","meta":{"footnotes":""},"class_list":["post-130","page","type-page","status-publish","hentry"],"_links":{"self":[{"href":"https:\/\/dev.goodseedeurope.com\/index.php?rest_route=\/wp\/v2\/pages\/130","targetHints":{"allow":["GET"]}}],"collection":[{"href":"https:\/\/dev.goodseedeurope.com\/index.php?rest_route=\/wp\/v2\/pages"}],"about":[{"href":"https:\/\/dev.goodseedeurope.com\/index.php?rest_route=\/wp\/v2\/types\/page"}],"author":[{"embeddable":true,"href":"https:\/\/dev.goodseedeurope.com\/index.php?rest_route=\/wp\/v2\/users\/1"}],"replies":[{"embeddable":true,"href":"https:\/\/dev.goodseedeurope.com\/index.php?rest_route=%2Fwp%2Fv2%2Fcomments&post=130"}],"version-history":[{"count":1,"href":"https:\/\/dev.goodseedeurope.com\/index.php?rest_route=\/wp\/v2\/pages\/130\/revisions"}],"predecessor-version":[{"id":131,"href":"https:\/\/dev.goodseedeurope.com\/index.php?rest_route=\/wp\/v2\/pages\/130\/revisions\/131"}],"wp:attachment":[{"href":"https:\/\/dev.goodseedeurope.com\/index.php?rest_route=%2Fwp%2Fv2%2Fmedia&parent=130"}],"curies":[{"name":"wp","href":"https:\/\/api.w.org\/{rel}","templated":true}]}}