{"id":132,"date":"2024-12-19T22:54:28","date_gmt":"2024-12-19T22:54:28","guid":{"rendered":"https:\/\/dev.goodseedeurope.com\/?page_id=132"},"modified":"2024-12-19T23:29:04","modified_gmt":"2024-12-19T23:29:04","slug":"medien-in-anderen-sprachen","status":"publish","type":"page","link":"https:\/\/dev.goodseedeurope.com\/?page_id=132","title":{"rendered":"medien in anderen sprachen"},"content":{"rendered":"\n<figure class=\"wp-block-image alignfull size-large\"><img loading=\"lazy\" decoding=\"async\" width=\"1024\" height=\"393\" src=\"https:\/\/dev.goodseedeurope.com\/wp-content\/uploads\/2024\/12\/other-books-1024x393.jpg\" alt=\"\" class=\"wp-image-55\" srcset=\"https:\/\/dev.goodseedeurope.com\/wp-content\/uploads\/2024\/12\/other-books-1024x393.jpg 1024w, https:\/\/dev.goodseedeurope.com\/wp-content\/uploads\/2024\/12\/other-books-300x115.jpg 300w, https:\/\/dev.goodseedeurope.com\/wp-content\/uploads\/2024\/12\/other-books-768x294.jpg 768w, https:\/\/dev.goodseedeurope.com\/wp-content\/uploads\/2024\/12\/other-books.jpg 1200w\" sizes=\"auto, (max-width: 1024px) 100vw, 1024px\" \/><\/figure>\n\n\n\n<p>Wir glauben, dass jeder Menschen auf der Welt freien Zugang zu der Kernbotschaft der Bibel \u2013 dem Evangelium von der Gnade Gottes \u2013 haben sollte. Und dass jeder pers\u00f6nlich in absoluter Freiheit entscheiden k\u00f6nnen sollte, ob er diese Botschaft annimmt oder ablehnt.<\/p>\n\n\n\n<p>In einer Welt, in der Migration die Regel ist, befinden wir uns in einem globalen Dorf, in welchem Menschen ganz in unserer N\u00e4he leben, deren Kultur und Herzenssprache uns vielleicht fremd sind. Sind wir gut darauf vorbereitet das Evangelium in unserer Nachbarschaft weiterzusagen? Und zwar in einer Weise, die f\u00fcr die Zuh\u00f6rer einen Sinn ergibt?<\/p>\n\n\n\n<p>Wir wissen, dass viele Gl\u00e4ubige nach Material in verschiedenen Sprachen suchen, um das Evangelium auf eine Art erkl\u00e4ren zu k\u00f6nnen, die f\u00fcr ihre Bekannten gut verst\u00e4ndlich ist.<\/p>\n\n\n\n<p>Bei GoodSeed sind wir dankbar, dass wir mit vielen \u00dcbersetzern zusammenarbeiten k\u00f6nnen, um unsere B\u00fccher in so viele Sprachen wie m\u00f6glich zu \u00fcbersetzten.<\/p>\n\n\n\n<p>Vielleicht gibt es in Ihrem Umfeld Menschen, die von diesen Dingen profitieren k\u00f6nnen.<\/p>\n\n\n\n<p>Besuchen Sie diese Seite regelm\u00e4\u00dfig, um \u00fcber neue \u00dcbersetzungen auf dem Laufenden zu bleiben. Nat\u00fcrlich k\u00f6nnen Sie auch gerne in unserem B\u00fcro anrufen und mit jemandem aus unserem Team sprechen.<\/p>\n","protected":false},"excerpt":{"rendered":"<p>Wir glauben, dass jeder Menschen auf der Welt freien Zugang zu der Kernbotschaft der Bibel \u2013 dem Evangelium von der Gnade Gottes \u2013 haben sollte. Und dass jeder pers\u00f6nlich in absoluter Freiheit entscheiden k\u00f6nnen sollte, ob er diese Botschaft annimmt oder ablehnt. In einer Welt, in der Migration die Regel ist, befinden wir uns in [&hellip;]<\/p>\n","protected":false},"author":1,"featured_media":0,"parent":0,"menu_order":0,"comment_status":"closed","ping_status":"closed","template":"","meta":{"footnotes":""},"class_list":["post-132","page","type-page","status-publish","hentry"],"_links":{"self":[{"href":"https:\/\/dev.goodseedeurope.com\/index.php?rest_route=\/wp\/v2\/pages\/132","targetHints":{"allow":["GET"]}}],"collection":[{"href":"https:\/\/dev.goodseedeurope.com\/index.php?rest_route=\/wp\/v2\/pages"}],"about":[{"href":"https:\/\/dev.goodseedeurope.com\/index.php?rest_route=\/wp\/v2\/types\/page"}],"author":[{"embeddable":true,"href":"https:\/\/dev.goodseedeurope.com\/index.php?rest_route=\/wp\/v2\/users\/1"}],"replies":[{"embeddable":true,"href":"https:\/\/dev.goodseedeurope.com\/index.php?rest_route=%2Fwp%2Fv2%2Fcomments&post=132"}],"version-history":[{"count":2,"href":"https:\/\/dev.goodseedeurope.com\/index.php?rest_route=\/wp\/v2\/pages\/132\/revisions"}],"predecessor-version":[{"id":146,"href":"https:\/\/dev.goodseedeurope.com\/index.php?rest_route=\/wp\/v2\/pages\/132\/revisions\/146"}],"wp:attachment":[{"href":"https:\/\/dev.goodseedeurope.com\/index.php?rest_route=%2Fwp%2Fv2%2Fmedia&parent=132"}],"curies":[{"name":"wp","href":"https:\/\/api.w.org\/{rel}","templated":true}]}}