{"id":18,"date":"2024-12-18T17:16:18","date_gmt":"2024-12-18T17:16:18","guid":{"rendered":"https:\/\/dev.goodseedeurope.com\/?page_id=18"},"modified":"2024-12-19T23:59:31","modified_gmt":"2024-12-19T23:59:31","slug":"goodseed","status":"publish","type":"page","link":"https:\/\/dev.goodseedeurope.com\/","title":{"rendered":"GoodSeed Europa"},"content":{"rendered":"\n<div class=\"wp-block-cover alignfull\"><span aria-hidden=\"true\" class=\"wp-block-cover__background has-background-dim\"><\/span><img loading=\"lazy\" decoding=\"async\" width=\"1024\" height=\"513\" class=\"wp-block-cover__image-background wp-image-9\" alt=\"\" src=\"https:\/\/dev.goodseedeurope.com\/wp-content\/uploads\/2023\/05\/fp-two-women-studying-1024x513.jpg\" data-object-fit=\"cover\" srcset=\"https:\/\/dev.goodseedeurope.com\/wp-content\/uploads\/2023\/05\/fp-two-women-studying-1024x513.jpg 1024w, https:\/\/dev.goodseedeurope.com\/wp-content\/uploads\/2023\/05\/fp-two-women-studying-300x150.jpg 300w, https:\/\/dev.goodseedeurope.com\/wp-content\/uploads\/2023\/05\/fp-two-women-studying-768x385.jpg 768w, https:\/\/dev.goodseedeurope.com\/wp-content\/uploads\/2023\/05\/fp-two-women-studying.jpg 1200w\" sizes=\"auto, (max-width: 1024px) 100vw, 1024px\" \/><div class=\"wp-block-cover__inner-container is-layout-flow wp-block-cover-is-layout-flow\">\n<p class=\"has-text-align-center has-x-large-font-size\">BEREITSTELLEN VON B\u00dcCHERN UND SCHULUNGEN, UM DIE ZENTRALE BOTSCHAFT DER BIBEL KLAR UND VERST\u00c4NDLICH WEITERZUGEBEN.<\/p>\n<\/div><\/div>\n\n\n\n<p>In der heutigen, sich rasant ver\u00e4ndernden Welt, begegnen wir t\u00e4glich Menschen mit verschiedenen Hintergr\u00fcnden und Weltanschauungen.<\/p>\n\n\n\n<p>Wie k\u00f6nnen wir Ihnen das unver\u00e4nderliche Evangelium in respektvoller und verst\u00e4ndlicher Art und Weise weitergeben?<\/p>\n\n\n\n<p>Bei GoodSeed schauen wir dazu in die Schrift, um zu sehen, wie Jesus selbst oder der Apostel Paulus die wichtigste Aussage der Bibel weitergab. In dem Material von GoodSeed benutzten wir dieselbe Methode, mit derselben Botschaft, um das Evangelium klar und verst\u00e4ndlich weiterzugeben. Dieser Aufbau liegt allen Medien von GoodSeed zugrunde.<\/p>\n\n\n\n<p>Wir bieten auch Schulungen dar\u00fcber an, wie man das Evangelium liebevoll und respektvoll weitergeben kann. Alle unsere Materialien sind bewusst so gestaltet, dass jeder ganz einfach im Alltag das Evangelium mit Freunden und Familie teilen kann.<\/p>\n\n\n\n<div class=\"wp-block-cover alignfull\"><span aria-hidden=\"true\" class=\"wp-block-cover__background has-background-dim\"><\/span><img loading=\"lazy\" decoding=\"async\" width=\"1024\" height=\"398\" class=\"wp-block-cover__image-background wp-image-10\" alt=\"\" src=\"https:\/\/dev.goodseedeurope.com\/wp-content\/uploads\/2023\/05\/architecture-city-1024x398.jpg\" data-object-fit=\"cover\" srcset=\"https:\/\/dev.goodseedeurope.com\/wp-content\/uploads\/2023\/05\/architecture-city-1024x398.jpg 1024w, https:\/\/dev.goodseedeurope.com\/wp-content\/uploads\/2023\/05\/architecture-city-300x117.jpg 300w, https:\/\/dev.goodseedeurope.com\/wp-content\/uploads\/2023\/05\/architecture-city-768x298.jpg 768w, https:\/\/dev.goodseedeurope.com\/wp-content\/uploads\/2023\/05\/architecture-city-1536x597.jpg 1536w, https:\/\/dev.goodseedeurope.com\/wp-content\/uploads\/2023\/05\/architecture-city.jpg 1598w\" sizes=\"auto, (max-width: 1024px) 100vw, 1024px\" \/><div class=\"wp-block-cover__inner-container is-layout-flow wp-block-cover-is-layout-flow\">\n<p class=\"has-text-align-center has-x-large-font-size\">AUFBAU UNSERES MATERIALS<\/p>\n<\/div><\/div>\n\n\n\n<p>\u201eDenn so hat Gott die Welt geliebt, dass er seinen eingeborenen Sohn gab, damit jeder, der an Ihn glaubt, nicht verloren geht, sondern ewiges Leben hat.\u201c Viele von uns lieben diesen Vers aus Joh. 3,16, weil er so viele Wahrheiten enth\u00e4lt, die uns sehr wertvoll sind.<\/p>\n\n\n\n<p>Aber wenn wir diesen Vers jemandem sagen w\u00fcrden, w\u00fcrde unser Gespr\u00e4chsteilnehmer verstehen von welchem Gott wir sprechen, was genau man glauben soll und was \u201eewiges Leben\u201c eigentlich bedeutet? H\u00e4tte er das n\u00f6tige Hintergrundwissen um den Vers zu verstehen?<\/p>\n\n\n\n<div class=\"wp-block-columns is-layout-flex wp-container-core-columns-is-layout-28f84493 wp-block-columns-is-layout-flex\">\n<div class=\"wp-block-column is-layout-flow wp-block-column-is-layout-flow\">\n<p class=\"has-vivid-red-color has-text-color has-link-color has-large-font-size wp-elements-57875fc9748e1ed2f400f279d1c6cb35\">Sie werden feststellen, dass unser Material:<\/p>\n\n\n\n<ul class=\"wp-block-list\">\n<li class=\"has-vivid-red-color has-text-color has-link-color wp-elements-10b2de2e8b683d2094224b92ecd9482c\">Auf der Bibel basiert<\/li>\n\n\n\n<li class=\"has-vivid-red-color has-text-color has-link-color wp-elements-9d50bfc849f84a20d1e6d0312d018c29\">Sensibel auf verschiedene<br>Weltanschauungen eingeht<\/li>\n\n\n\n<li class=\"has-vivid-red-color has-text-color has-link-color wp-elements-5b54133ccbf14f35b9066b4147732870\">Ohne Druck und<br>\u00dcberredungsk\u00fcnste vorgeht<\/li>\n\n\n\n<li class=\"has-vivid-red-color has-text-color has-link-color wp-elements-4efd8c092da16edd919bc2455e806ee4\">Klar und verst\u00e4ndlich ist<\/li>\n<\/ul>\n<\/div>\n\n\n\n<div class=\"wp-block-column is-layout-flow wp-block-column-is-layout-flow\">\n<p>Wir gebrauchen den Aufbau vom Johannesevangelium und erkl\u00e4ren ebenfalls die n\u00f6tigen Hintergrundgeschichten, damit jeder das Evangelium verstehen kann. Wir beginnen mit der Sch\u00f6pfung und lernen Gottes Charakter kennen. Beim Fortschreiten durch die alt- und neutestamentlichen Geschichten zeigen wir auf, wer Jesus Christus ist und erkl\u00e4ren die Bedeutung vom Kreuz und dem Grab.<\/p>\n<\/div>\n<\/div>\n\n\n\n<p>Wir gebrauchen den Aufbau vom Johannesevangelium und erkl\u00e4ren ebenfalls die n\u00f6tigen Hintergrundgeschichten, damit jeder das Evangelium verstehen kann. Wir beginnen mit der Sch\u00f6pfung und lernen Gottes Charakter kennen. Beim Fortschreiten durch die alt- und neutestamentlichen Geschichten zeigen wir auf, wer Jesus Christus ist und erkl\u00e4ren die Bedeutung vom Kreuz und dem Grab.<\/p>\n\n\n\n<p>Unsere B\u00fccher begegnen dem Leser auf eine liebevolle und respektvolle Weise, ohne Druck und \u00dcberredungskunst. Sie sind sensibel auf die jeweilige Weltanschauung zugeschnitten, so dass jedes Buch speziell auf typische Fragen der Weltanschauung eingeht.<\/p>\n\n\n\n<p>Wichtig ist, dass wir der Bibel erlauben f\u00fcr sich selbst zu sprechen. Unsere B\u00fccher beinhalten oft mehr als 1000 Bibelverse, so dass der Leser direkt mit dem Bibeltext in Kontakt kommt.<\/p>\n\n\n\n<div class=\"wp-block-buttons is-content-justification-center is-layout-flex wp-container-core-buttons-is-layout-a89b3969 wp-block-buttons-is-layout-flex\">\n<div class=\"wp-block-button is-style-outline is-style-outline--1\"><a class=\"wp-block-button__link wp-element-button\">MEHR \u00dcBER DEN AUFBAU UNSERER B\u00dcCHER<\/a><\/div>\n<\/div>\n\n\n\n<div class=\"wp-block-cover alignfull\"><span aria-hidden=\"true\" class=\"wp-block-cover__background has-background-dim\"><\/span><img loading=\"lazy\" decoding=\"async\" width=\"800\" height=\"534\" class=\"wp-block-cover__image-background wp-image-11\" alt=\"\" src=\"https:\/\/dev.goodseedeurope.com\/wp-content\/uploads\/2023\/05\/books-display.jpg\" data-object-fit=\"cover\" srcset=\"https:\/\/dev.goodseedeurope.com\/wp-content\/uploads\/2023\/05\/books-display.jpg 800w, https:\/\/dev.goodseedeurope.com\/wp-content\/uploads\/2023\/05\/books-display-300x200.jpg 300w, https:\/\/dev.goodseedeurope.com\/wp-content\/uploads\/2023\/05\/books-display-768x513.jpg 768w\" sizes=\"auto, (max-width: 800px) 100vw, 800px\" \/><div class=\"wp-block-cover__inner-container is-layout-flow wp-block-cover-is-layout-flow\">\n<p class=\"has-text-align-center has-x-large-font-size\">B\u00dcCHER UND<\/p>\n\n\n\n<p class=\"has-text-align-center has-large-font-size\">ANSCHAUUNGSMATERIAL<\/p>\n<\/div><\/div>\n\n\n\n<p>\u00dcberall auf der Welt nutzen Christen unser Material auf verschiedene Weise. Einige r\u00fcsten sich zu, indem sie das Evangelium bei sich selbst auffrischen. Viele nutzen es f\u00fcr J\u00fcngerschaft und lehren sowohl Neugl\u00e4ubige als auch reifere Christen. Manche gebrauchen es in der Seelsorge.<\/p>\n\n\n\n<div class=\"wp-block-columns is-layout-flex wp-container-core-columns-is-layout-28f84493 wp-block-columns-is-layout-flex\">\n<div class=\"wp-block-column is-layout-flow wp-block-column-is-layout-flow\">\n<p class=\"has-vivid-red-color has-text-color has-link-color has-large-font-size wp-elements-9c64d152a124a994ede291d312dc1b6f\">GoodSeed Material beinhaltet:<\/p>\n\n\n\n<ul class=\"wp-block-list has-vivid-red-color has-text-color has-link-color has-medium-font-size wp-elements-c7e0f4554b4632e985842cf0537f14bc\">\n<li class=\"has-medium-font-size\">B\u00fccher<\/li>\n\n\n\n<li class=\"has-medium-font-size\">Multimedia <\/li>\n\n\n\n<li class=\"has-medium-font-size\">Unterrichtsmaterial<\/li>\n\n\n\n<li class=\"has-medium-font-size\">Anschauungsmaterial<\/li>\n<\/ul>\n<\/div>\n\n\n\n<div class=\"wp-block-column is-layout-flow wp-block-column-is-layout-flow\">\n<p>Viele allerdings finden es ideal f\u00fcr evangelistische Zwecke. Sie gebrauchen unser Material im Wesentlichen auf zwei verschiedene Weisen: Entweder geben sie ihrem Bekannten ein Buch, eine CD, oder eine DVD einfach weiter \u2013 so wie ein Traktat. Der Freund hat dann die Gelegenheit die Botschaft der Bibel f\u00fcr sich selbst zu entdecken.<\/p>\n<\/div>\n<\/div>\n\n\n\n<p>Eine andere M\u00f6glichkeit ist es den Bekannten anhand eines Kurses, in welchem sie gemeinsam lesen, durch das Wort Gottes zu f\u00fchren. Der Kurs wurde extra so entwickelt, dass selbst jemand, der noch nie einen Kurs geleitet hat, eine andere Person zu einem klaren Verst\u00e4ndis vom Evangelium verhelfen kann.<\/p>\n\n\n\n<div class=\"wp-block-buttons is-content-justification-center is-layout-flex wp-container-core-buttons-is-layout-a89b3969 wp-block-buttons-is-layout-flex\">\n<div class=\"wp-block-button is-style-outline is-style-outline--2\"><a class=\"wp-block-button__link wp-element-button\">ALLE B\u00dcCHER UND ANDERE HILFSMITTEL ANSCHAUEN<\/a><\/div>\n\n\n\n<div class=\"wp-block-button is-style-outline is-style-outline--3\"><a class=\"wp-block-button__link wp-element-button\">MEHR \u00dcBER DAS WEITERGEBEN UND KURSLEITUNG<\/a><\/div>\n<\/div>\n\n\n\n<div class=\"wp-block-columns is-layout-flex wp-container-core-columns-is-layout-28f84493 wp-block-columns-is-layout-flex\">\n<div class=\"wp-block-column is-layout-flow wp-block-column-is-layout-flow\">\n<figure class=\"wp-block-image size-full is-resized\"><img loading=\"lazy\" decoding=\"async\" width=\"278\" height=\"469\" src=\"https:\/\/dev.goodseedeurope.com\/wp-content\/uploads\/2024\/12\/str_german_020005_front.png\" alt=\"\" class=\"wp-image-64\" style=\"width:114px\" srcset=\"https:\/\/dev.goodseedeurope.com\/wp-content\/uploads\/2024\/12\/str_german_020005_front.png 278w, https:\/\/dev.goodseedeurope.com\/wp-content\/uploads\/2024\/12\/str_german_020005_front-178x300.png 178w\" sizes=\"auto, (max-width: 278px) 100vw, 278px\" \/><\/figure>\n<\/div>\n\n\n\n<div class=\"wp-block-column is-layout-flow wp-block-column-is-layout-flow\">\n<figure class=\"wp-block-image size-full is-resized\"><a href=\"https:\/\/dev.goodseedeurope.com\/?page_id=103\"><img loading=\"lazy\" decoding=\"async\" width=\"278\" height=\"469\" src=\"https:\/\/dev.goodseedeurope.com\/wp-content\/uploads\/2024\/12\/btn_german_040008_front.png\" alt=\"\" class=\"wp-image-65\" style=\"width:114px\" srcset=\"https:\/\/dev.goodseedeurope.com\/wp-content\/uploads\/2024\/12\/btn_german_040008_front.png 278w, https:\/\/dev.goodseedeurope.com\/wp-content\/uploads\/2024\/12\/btn_german_040008_front-178x300.png 178w\" sizes=\"auto, (max-width: 278px) 100vw, 278px\" \/><\/a><\/figure>\n<\/div>\n\n\n\n<div class=\"wp-block-column is-layout-flow wp-block-column-is-layout-flow\">\n<figure class=\"wp-block-image size-full\"><img loading=\"lazy\" decoding=\"async\" width=\"217\" height=\"197\" src=\"https:\/\/dev.goodseedeurope.com\/wp-content\/uploads\/2024\/12\/lamb_german_softcover_050024_front.png\" alt=\"\" class=\"wp-image-66\"\/><\/figure>\n<\/div>\n\n\n\n<div class=\"wp-block-column is-layout-flow wp-block-column-is-layout-flow\">\n<figure class=\"wp-block-image size-large\"><img loading=\"lazy\" decoding=\"async\" width=\"1024\" height=\"939\" src=\"https:\/\/dev.goodseedeurope.com\/wp-content\/uploads\/2024\/12\/Tabernacle-Model-Kit__53549-1024x939.jpg\" alt=\"\" class=\"wp-image-98\" srcset=\"https:\/\/dev.goodseedeurope.com\/wp-content\/uploads\/2024\/12\/Tabernacle-Model-Kit__53549-1024x939.jpg 1024w, https:\/\/dev.goodseedeurope.com\/wp-content\/uploads\/2024\/12\/Tabernacle-Model-Kit__53549-300x275.jpg 300w, https:\/\/dev.goodseedeurope.com\/wp-content\/uploads\/2024\/12\/Tabernacle-Model-Kit__53549-768x704.jpg 768w, https:\/\/dev.goodseedeurope.com\/wp-content\/uploads\/2024\/12\/Tabernacle-Model-Kit__53549.jpg 1280w\" sizes=\"auto, (max-width: 1024px) 100vw, 1024px\" \/><\/figure>\n<\/div>\n<\/div>\n\n\n\n<div class=\"wp-block-columns is-layout-flex wp-container-core-columns-is-layout-28f84493 wp-block-columns-is-layout-flex\">\n<div class=\"wp-block-column is-layout-flow wp-block-column-is-layout-flow\">\n<p><strong><em>Der Fremde auf dem Weg nach Emmaus<\/em><\/strong><\/p>\n<\/div>\n\n\n\n<div class=\"wp-block-column is-layout-flow wp-block-column-is-layout-flow\">\n<p><strong><em>Der Versprochene<\/em><\/strong><\/p>\n<\/div>\n\n\n\n<div class=\"wp-block-column is-layout-flow wp-block-column-is-layout-flow\">\n<p><strong><em>Das Lamm<\/em><\/strong><\/p>\n<\/div>\n\n\n\n<div class=\"wp-block-column is-layout-flow wp-block-column-is-layout-flow\">\n<p><strong>B\u00fccher in verschiedenen Sprachen &amp; Anschauungsmaterial<\/strong><\/p>\n<\/div>\n<\/div>\n\n\n\n<div class=\"wp-block-columns is-layout-flex wp-container-core-columns-is-layout-28f84493 wp-block-columns-is-layout-flex\">\n<div class=\"wp-block-column is-layout-flow wp-block-column-is-layout-flow\">\n<p>Geschrieben f\u00fcr diejenigen, die nur wenig von der Bibel wissen, aber aus einem christlich gepr\u00e4gten Umfeld kommen. Das Buch f\u00fchrt chronologisch durch die wichtigsten Ereignisse der Bibel, so dass der Leser zu einem klaren Verst\u00e4ndnis vom Evangelium gelangt.<\/p>\n<\/div>\n\n\n\n<div class=\"wp-block-column is-layout-flow wp-block-column-is-layout-flow\">\n<p>Geschrieben f\u00fcr diejenigen, die wenig bis gar nichts von der Bibel wissen. Das Buch f\u00fchrt chronologisch durch die wichtigsten Ereignisse der Bibel, so dass der Leser einen grundlegenden \u00dcberblick von Gottes Heilsbotschaft bekommt.<\/p>\n<\/div>\n\n\n\n<div class=\"wp-block-column is-layout-flow wp-block-column-is-layout-flow\">\n<p>Geschrieben f\u00fcr Kinder ab 5 Jahren, aber gesch\u00e4tzt von vielen Altersgruppen. Es erkl\u00e4rt das Evangelium auf einfache Art, ohne dabei wichtige Details auszulassen. Das Buch enth\u00e4lt farbige Bilder, sowie Verst\u00e4ndnisfragen am Ende von jedem Kapitel.<\/p>\n<\/div>\n\n\n\n<div class=\"wp-block-column is-layout-flow wp-block-column-is-layout-flow\">\n<p>Wir haben eine Reihe von \u00dcbersetzungen, die Sie weitergeben k\u00f6nnen. Au\u00dferdem haben wir hilfreiches Unterrichts- und Anschauungsmaterial.<\/p>\n<\/div>\n<\/div>\n\n\n\n<div class=\"wp-block-columns is-layout-flex wp-container-core-columns-is-layout-28f84493 wp-block-columns-is-layout-flex\">\n<div class=\"wp-block-column is-layout-flow wp-block-column-is-layout-flow\">\n<div class=\"wp-block-buttons is-layout-flex wp-block-buttons-is-layout-flex\">\n<div class=\"wp-block-button is-style-outline is-style-outline--4\"><a class=\"wp-block-button__link wp-element-button\" href=\"https:\/\/dev.goodseedeurope.com\/?page_id=122\">MEHR DAR\u00dcBER ERFAHREN<\/a><\/div>\n<\/div>\n<\/div>\n\n\n\n<div class=\"wp-block-column is-layout-flow wp-block-column-is-layout-flow\">\n<div class=\"wp-block-buttons is-layout-flex wp-block-buttons-is-layout-flex\">\n<div class=\"wp-block-button is-style-outline is-style-outline--5\"><a class=\"wp-block-button__link wp-element-button\" href=\"https:\/\/dev.goodseedeurope.com\/?page_id=103\">MEHR DAR\u00dcBER ERFAHREN<\/a><\/div>\n<\/div>\n<\/div>\n\n\n\n<div class=\"wp-block-column is-layout-flow wp-block-column-is-layout-flow\">\n<div class=\"wp-block-buttons is-layout-flex wp-block-buttons-is-layout-flex\">\n<div class=\"wp-block-button is-style-outline is-style-outline--6\"><a class=\"wp-block-button__link wp-element-button\" href=\"https:\/\/dev.goodseedeurope.com\/?page_id=130\">MEHR DAR\u00dcBER ERFAHREN<\/a><\/div>\n<\/div>\n<\/div>\n\n\n\n<div class=\"wp-block-column is-layout-flow wp-block-column-is-layout-flow\">\n<div class=\"wp-block-buttons is-layout-flex wp-block-buttons-is-layout-flex\">\n<div class=\"wp-block-button is-style-outline is-style-outline--7\"><a class=\"wp-block-button__link wp-element-button\">MEHR DAR\u00dcBER ERFAHREN<\/a><\/div>\n<\/div>\n<\/div>\n<\/div>\n\n\n\n<div class=\"wp-block-cover alignfull\"><span aria-hidden=\"true\" class=\"wp-block-cover__background has-background-dim\"><\/span><img loading=\"lazy\" decoding=\"async\" width=\"1024\" height=\"597\" class=\"wp-block-cover__image-background wp-image-42\" alt=\"\" src=\"https:\/\/dev.goodseedeurope.com\/wp-content\/uploads\/2024\/12\/fp-ladies-study-1024x597.jpg\" data-object-fit=\"cover\" srcset=\"https:\/\/dev.goodseedeurope.com\/wp-content\/uploads\/2024\/12\/fp-ladies-study-1024x597.jpg 1024w, https:\/\/dev.goodseedeurope.com\/wp-content\/uploads\/2024\/12\/fp-ladies-study-300x175.jpg 300w, https:\/\/dev.goodseedeurope.com\/wp-content\/uploads\/2024\/12\/fp-ladies-study-768x448.jpg 768w, https:\/\/dev.goodseedeurope.com\/wp-content\/uploads\/2024\/12\/fp-ladies-study.jpg 1200w\" sizes=\"auto, (max-width: 1024px) 100vw, 1024px\" \/><div class=\"wp-block-cover__inner-container is-layout-flow wp-block-cover-is-layout-flow\">\n<p class=\"has-text-align-center has-x-large-font-size\">ZEUGNISSE<\/p>\n<\/div><\/div>\n\n\n\n<p>Das Material von GoodSeed wurde weltweit von Gemeinden, Missionswerken und Christen gebraucht, um die zentrale Botschaft der Bibel objektiv, verst\u00e4ndlich und einfach weiterzugeben. Es ist von einer Vielzahl von Menschen erprobt worden und hat sich als solides Werkzeug f\u00fcr die Weitergabe der Guten Nachricht in der heutigen Welt bew\u00e4hrt.<\/p>\n\n\n\n<p>Bitte lesen Sie, was uns Leute berichten, die unser Material gebraucht haben, um ihren Freunden, Nachbarn und Arbeitskollegen das Evangelium zu erkl\u00e4ren.<\/p>\n\n\n\n<div class=\"wp-block-buttons is-content-justification-center is-layout-flex wp-container-core-buttons-is-layout-a89b3969 wp-block-buttons-is-layout-flex\">\n<div class=\"wp-block-button is-style-outline is-style-outline--8\"><a class=\"wp-block-button__link wp-element-button\" href=\"https:\/\/dev.goodseedeurope.com\/?page_id=73\">ZEUGNISSE LESEN<\/a><\/div>\n<\/div>\n\n\n\n<div class=\"wp-block-cover alignfull\"><span aria-hidden=\"true\" class=\"wp-block-cover__background has-background-dim\"><\/span><img loading=\"lazy\" decoding=\"async\" width=\"1024\" height=\"551\" class=\"wp-block-cover__image-background wp-image-54\" alt=\"\" src=\"https:\/\/dev.goodseedeurope.com\/wp-content\/uploads\/2024\/12\/open-house-group-1024x551.jpg\" data-object-fit=\"cover\" srcset=\"https:\/\/dev.goodseedeurope.com\/wp-content\/uploads\/2024\/12\/open-house-group-1024x551.jpg 1024w, https:\/\/dev.goodseedeurope.com\/wp-content\/uploads\/2024\/12\/open-house-group-300x162.jpg 300w, https:\/\/dev.goodseedeurope.com\/wp-content\/uploads\/2024\/12\/open-house-group-768x414.jpg 768w, https:\/\/dev.goodseedeurope.com\/wp-content\/uploads\/2024\/12\/open-house-group.jpg 1300w\" sizes=\"auto, (max-width: 1024px) 100vw, 1024px\" \/><div class=\"wp-block-cover__inner-container is-layout-flow wp-block-cover-is-layout-flow\">\n<p class=\"has-text-align-center has-x-large-font-size\">\u00dcBER GOODSEED<\/p>\n<\/div><\/div>\n\n\n\n<p>Die Mitarbeiter bei GoodSeed haben langj\u00e4hrige Erfahrung in der Evangelisations- bzw. Missionsarbeit; egal ob in abgelegenen St\u00e4mmen, oder in hochentwickelten St\u00e4dten. Unsere Mitarbeiter kommen aus verschiedenen L\u00e4ndern der Welt und unser gemeinsames Anliegen ist es Christen zuzur\u00fcsten, damit Evangelisation f\u00fcr sie ein lebenslanger Lebensstil wird. Wir haben B\u00fcros in Kanada und Deutschland.<\/p>\n\n\n\n<div class=\"wp-block-buttons is-content-justification-center is-layout-flex wp-container-core-buttons-is-layout-a89b3969 wp-block-buttons-is-layout-flex\">\n<div class=\"wp-block-button is-style-outline is-style-outline--9\"><a class=\"wp-block-button__link wp-element-button\" href=\"https:\/\/dev.goodseedeurope.com\/?page_id=76\">TREFFEN SIE UNS<\/a><\/div>\n<\/div>\n\n\n\n<p class=\"has-text-color has-link-color has-small-font-size wp-elements-4b3cda45458036282773e105a65ee974\" style=\"border-width:1px;border-radius:8px;color:#858585;padding-top:var(--wp--preset--spacing--30);padding-right:var(--wp--preset--spacing--30);padding-bottom:var(--wp--preset--spacing--30);padding-left:var(--wp--preset--spacing--30)\">Wir glauben, dass jeder Menschen auf der Welt freien Zugang zu der Kernbotschaft der Bibel \u2013 dem Evangelium von der Gnade Gottes \u2013 haben sollte. Und dass jeder pers\u00f6nlich und absolut frei entscheiden k\u00f6nnen sollte, ob er diese Botschaft annimmt oder ablehnt. Unter \u201efrei\u201c verstehen wir, dass eine Person sich pers\u00f6nlich mit den Aussagen der Bibel auseinandersetzen kann, und sich ohne Druck, oder Angst um Leib und Leben entscheiden darf, der biblischen Botschaft zu vertrauen, oder sie abzulehnen.<\/p>\n","protected":false},"excerpt":{"rendered":"<p>In der heutigen, sich rasant ver\u00e4ndernden Welt, begegnen wir t\u00e4glich Menschen mit verschiedenen Hintergr\u00fcnden und Weltanschauungen. Wie k\u00f6nnen wir Ihnen das unver\u00e4nderliche Evangelium in respektvoller und verst\u00e4ndlicher Art und Weise weitergeben? Bei GoodSeed schauen wir dazu in die Schrift, um zu sehen, wie Jesus selbst oder der Apostel Paulus die wichtigste Aussage der Bibel weitergab. [&hellip;]<\/p>\n","protected":false},"author":1,"featured_media":0,"parent":0,"menu_order":0,"comment_status":"closed","ping_status":"closed","template":"","meta":{"footnotes":""},"class_list":["post-18","page","type-page","status-publish","hentry"],"_links":{"self":[{"href":"https:\/\/dev.goodseedeurope.com\/index.php?rest_route=\/wp\/v2\/pages\/18","targetHints":{"allow":["GET"]}}],"collection":[{"href":"https:\/\/dev.goodseedeurope.com\/index.php?rest_route=\/wp\/v2\/pages"}],"about":[{"href":"https:\/\/dev.goodseedeurope.com\/index.php?rest_route=\/wp\/v2\/types\/page"}],"author":[{"embeddable":true,"href":"https:\/\/dev.goodseedeurope.com\/index.php?rest_route=\/wp\/v2\/users\/1"}],"replies":[{"embeddable":true,"href":"https:\/\/dev.goodseedeurope.com\/index.php?rest_route=%2Fwp%2Fv2%2Fcomments&post=18"}],"version-history":[{"count":11,"href":"https:\/\/dev.goodseedeurope.com\/index.php?rest_route=\/wp\/v2\/pages\/18\/revisions"}],"predecessor-version":[{"id":149,"href":"https:\/\/dev.goodseedeurope.com\/index.php?rest_route=\/wp\/v2\/pages\/18\/revisions\/149"}],"wp:attachment":[{"href":"https:\/\/dev.goodseedeurope.com\/index.php?rest_route=%2Fwp%2Fv2%2Fmedia&parent=18"}],"curies":[{"name":"wp","href":"https:\/\/api.w.org\/{rel}","templated":true}]}}