{"id":73,"date":"2024-12-18T18:42:28","date_gmt":"2024-12-18T18:42:28","guid":{"rendered":"https:\/\/dev.goodseedeurope.com\/?page_id=73"},"modified":"2024-12-18T19:12:36","modified_gmt":"2024-12-18T19:12:36","slug":"lebenszeugnisse-wie-menschen-die-tools-von-goodseed-benutzen","status":"publish","type":"page","link":"https:\/\/dev.goodseedeurope.com\/?page_id=73","title":{"rendered":"Lebenszeugnisse"},"content":{"rendered":"\n<figure class=\"wp-block-image alignfull size-large\"><img loading=\"lazy\" decoding=\"async\" width=\"1024\" height=\"410\" src=\"https:\/\/dev.goodseedeurope.com\/wp-content\/uploads\/2024\/12\/coffee-shop-study-1024x410.jpg\" alt=\"\" class=\"wp-image-36\" srcset=\"https:\/\/dev.goodseedeurope.com\/wp-content\/uploads\/2024\/12\/coffee-shop-study-1024x410.jpg 1024w, https:\/\/dev.goodseedeurope.com\/wp-content\/uploads\/2024\/12\/coffee-shop-study-300x120.jpg 300w, https:\/\/dev.goodseedeurope.com\/wp-content\/uploads\/2024\/12\/coffee-shop-study-768x307.jpg 768w, https:\/\/dev.goodseedeurope.com\/wp-content\/uploads\/2024\/12\/coffee-shop-study.jpg 1200w\" sizes=\"auto, (max-width: 1024px) 100vw, 1024px\" \/><\/figure>\n\n\n\n<h2 class=\"wp-block-heading alignwide\">WIE MENSCHEN DIE TOOLS VON GOODSEED BENUTZEN<\/h2>\n\n\n\n<p>\u201e<strong>Urspr\u00fcnglich war da eine einzigartige Beziehung zwischen JAHWE und dem Menschen. Eine Gemeinschaft, ja sogar Freundschaft. Der Garten Eden bot den vollkommenen Lebensraum.<\/strong>\u201c<br>Zitat:&nbsp; \u201eDer Fremde auf dem Weg nach Emmaus\u201c<\/p>\n\n\n\n<p>Ein ganzes Leben<\/p>\n\n\n\n<p id=\"u32256-10\">Ich erinnere mich an diesen besonderen Moment, als wenn es gestern gewesen w\u00e4re.<\/p>\n\n\n\n<p id=\"u32256-12\">Wir waren ungef\u00e4hr f\u00fcnfzehn Menschen in einem schlichten Tagungsraum und schauten in das begeisterte Gesicht von Anton. Ich sa\u00df ihm gegen\u00fcber und konnte sehen, wie seine Augen zu strahlen begannen, als er uns die erste Begegnung zwischen Gott und dem Menschen beschrieb. Seine Freude steckte uns an und vor meinem inneren Augen nahmen Antons Worte Gestalt an. Ich konnte mir vorstellen, wie Gott Adam einlud, den wundersch\u00f6nen Garten Eden zu bewundern. Ich sah sie, wie zwei gute Freunde am Fluss entlang spazieren. Jahwe pr\u00e4sentierte Adam die Fische und V\u00f6gel und erlaubte ihm jedem einen Namen zu geben.<\/p>\n\n\n\n<p id=\"u32256-14\">\u201eGott wollte mit dem Menschen ganz innige Gemeinschaft haben,\u201c beschrieb Anton diesen wunderbaren Zustand und ich merkte, wie mit diesem Worten in meinem Herzen eine tiefe Sehnsucht geweckt wurde.<\/p>\n\n\n\n<p id=\"u32256-16\">Eine Freundschaft mit Gott, dem heiligen Jahwe? Es schien mir bis zu diesem Abend unm\u00f6glich.<\/p>\n\n\n\n<p id=\"u32256-18\">Seid meiner fr\u00fchesten Kindheit war Gott ein Teil von mir.<\/p>\n\n\n\n<p id=\"u32256-20\">Er war der Grund, warum ich den Kindergottesdienst besuchte, Bibelverse auswendig lernte und mich an die Gebote hielt, die meine Eltern mir erkl\u00e4rten. Gott passte auf mich auf, wenn ich alleine war und half mir Gutes zu tun.<\/p>\n\n\n\n<p id=\"u32256-22\">Doch Gott war scheinbar auch der Grund, der ab dem 16. Lebensjahr von mir verlangte, ein Doppelleben zu f\u00fchren. Das Erf\u00fcllen von traditionellen Werten und die entgegengesetzten W\u00fcnsche eines M\u00e4dchens, das den Spa\u00df im Leben nicht verpassen wollte, trieben mich nachts heimlich aus dem Haus.<\/p>\n\n\n\n<p id=\"u32256-24\">Da drau\u00dfen schien ein Leben auf mich zu warten, das Ausgelassenheit und Spa\u00df versprach. Zuerst heimlich, doch dann immer offensiver widersetzte ich mich den Regeln und Werten der christlichen Erziehung. Innerlich begann ich jedoch nach und nach zu zerrei\u00dfen. An manchen Abenden verstand ich mich selbst nicht mehr. Wenn meine Freund auf Partys \u00fcber Gott herzogen nahm ich f\u00fcr ihn Partei ein. Ich verteidigte Gott, obwohl ich seine Gebote nicht mehr halten wollte.<\/p>\n\n\n\n<p id=\"u32256-26\">Ich war auf der Flucht, vor einem Leben, das von mir verlangte mich zu verkleiden und eine Frisur zu tragen, die mich zu einer Au\u00dfenseiterin gemacht hatte.<\/p>\n\n\n\n<p id=\"u32256-28\">All diese Dinge wollte ich nicht mehr. Aber wollte ich auch Gott nicht mehr?<\/p>\n\n\n\n<p id=\"u32256-30\">Ich wusste es nicht.<\/p>\n\n\n\n<p id=\"u32256-32\">Es waren mehrere Jahre, in denen ich versuchte, das aufzuholen, was ich glaubte verpasst zu haben.<\/p>\n\n\n\n<p id=\"u32256-34\">Und dann lernte ich meinen jetzigen Ehemann kennen. Mit dieser Beziehung entstand in mir ein neuer Wunsch nach Sicherheit und Zuverl\u00e4ssigkeit. Wir sprachen \u00fcber meine religi\u00f6se Vergangenheit und ich war erleichtert zu sehen, das er den Glauben an Gott nicht verachtete.<\/p>\n\n\n\n<p id=\"u32256-36\">Denn wenn ich mich auch gegen ein Leben als Christ entschieden hatte, so hatte ich nie aufgeh\u00f6rt an einen Gott zu glauben.<\/p>\n\n\n\n<p id=\"u32256-38\">Es war eine Arbeitskollegin, die mich nach mehreren Gespr\u00e4chen \u00fcber Gott zu diesem Bibelkurs* einlud. Niemals h\u00e4tte ich es f\u00fcr m\u00f6glich gehalten, das Gott mir in diesem schlichten Tagungsraum, in der Gegenwart mir v\u00f6llig fremder Menschen neu begegnen w\u00fcrde.<\/p>\n\n\n\n<p id=\"u32256-40\">Doch er tat es.<\/p>\n\n\n\n<p id=\"u32256-43\"><em>\u201eUrspr\u00fcnglich war da eine einzigartige Beziehung zwischen JAHWE und dem Menschen. Eine Gemeinschaft, ja sogar Freundschaft. Der Garten Eden bot den vollkommenen Lebensraum,\u201c zitierte Anton aus dem Buch \u201eDer Fremde\u201c.<\/em><\/p>\n\n\n\n<p id=\"u32256-45\">Ich sp\u00fcrte, wie in meinem Innersten eine Sehnsucht nach dieser einzigartigen Beziehung erwachte.<\/p>\n\n\n\n<p id=\"u32256-47\"><strong>War es m\u00f6glich, das ich Jahre lang, in meinem Bestreben nichts zu verpassen, das wichtigste doch verpasst hatte?<\/strong><\/p>\n\n\n\n<p id=\"u32256-49\">W\u00f6chentlich lernte ich mehr \u00fcber Gott und seine Eigenschaften kennen. Ich begann die Bibel im Zusammenhang zu verstehen. Ich verfolgte die Ereignisse, die ich aus der Sonntagsschule noch gut kannte mit Spannung und fand mich selbst in ihnen wieder.<\/p>\n\n\n\n<p id=\"u32256-51\">Und dann kam der Abend, an dem Anton von der Kreuzigung Jesu berichtete. Gemeinsam lasen wir aus Johannes 15,13 :<\/p>\n\n\n\n<p id=\"u32256-53\">\u201e<em>Niemand liebt mehr als einer, der sein Leben f\u00fcr seine Freunde einsetzt.\u201c<\/em><\/p>\n\n\n\n<p id=\"u32256-55\">Diese einzigartige Beziehung zu Gott war nur \u00fcber seinen Sohn m\u00f6glich. Und dieser Sohn Gottes wollte mein Freund sein.<\/p>\n\n\n\n<p id=\"u32256-57\">Ich wartet, bis sich die restlichen Teilnehmer verabschiedet hatten und nach Hause fuhren. Dann beteten Anton und ich gemeinsam. Ich erneuerte meine Beziehung zu Gott und seinem Sohn Jesus Christus.<\/p>\n\n\n\n<p id=\"u32256-59\"><strong>An diesem Abend vergab er mir alle Schuld der vergangen Jahre.<\/strong><\/p>\n\n\n\n<p id=\"u32256-61\">Was dann folgte, ist mit Worten kaum zu beschreiben. Ich war wie der verlorene Sohn, der nach Hause gekommen war, um f\u00fcr immer bei seinem Vater zu bleiben. Ich konnte diese besondere Beziehung sp\u00fcren, die mich mit Gott verband. Es war genau das eingetroffen, wovon Anton in den ersten Stunden berichtet hatte.<\/p>\n\n\n\n<p id=\"u32256-63\">Es war nicht der Garten Eden, den ich mit Gott gemeinsam durchquerte.<\/p>\n\n\n\n<p id=\"u32256-65\">Es war viel mehr.<\/p>\n\n\n\n<p id=\"u32256-67\">Es war mein ganzes Leben.<\/p>\n\n\n\n<p id=\"u32256-70\"><em>*In dem Bibelkurs werden mit Hilfe der B\u00fccher \u201eDer Fremde auf dem Weg nach Emmaus\u201c und \u201eDer Versprochene\u201c die Wahrheiten der Bibel vermittelt. W\u00f6chentlich finden zur Zeit bis zu vier Kurse in den R\u00e4umen des GoodSeed B\u00fcros statt.<\/em><\/p>\n","protected":false},"excerpt":{"rendered":"<p>WIE MENSCHEN DIE TOOLS VON GOODSEED BENUTZEN \u201eUrspr\u00fcnglich war da eine einzigartige Beziehung zwischen JAHWE und dem Menschen. Eine Gemeinschaft, ja sogar Freundschaft. Der Garten Eden bot den vollkommenen Lebensraum.\u201cZitat:&nbsp; \u201eDer Fremde auf dem Weg nach Emmaus\u201c Ein ganzes Leben Ich erinnere mich an diesen besonderen Moment, als wenn es gestern gewesen w\u00e4re. Wir waren [&hellip;]<\/p>\n","protected":false},"author":1,"featured_media":0,"parent":0,"menu_order":0,"comment_status":"closed","ping_status":"closed","template":"","meta":{"footnotes":""},"class_list":["post-73","page","type-page","status-publish","hentry"],"_links":{"self":[{"href":"https:\/\/dev.goodseedeurope.com\/index.php?rest_route=\/wp\/v2\/pages\/73","targetHints":{"allow":["GET"]}}],"collection":[{"href":"https:\/\/dev.goodseedeurope.com\/index.php?rest_route=\/wp\/v2\/pages"}],"about":[{"href":"https:\/\/dev.goodseedeurope.com\/index.php?rest_route=\/wp\/v2\/types\/page"}],"author":[{"embeddable":true,"href":"https:\/\/dev.goodseedeurope.com\/index.php?rest_route=\/wp\/v2\/users\/1"}],"replies":[{"embeddable":true,"href":"https:\/\/dev.goodseedeurope.com\/index.php?rest_route=%2Fwp%2Fv2%2Fcomments&post=73"}],"version-history":[{"count":3,"href":"https:\/\/dev.goodseedeurope.com\/index.php?rest_route=\/wp\/v2\/pages\/73\/revisions"}],"predecessor-version":[{"id":85,"href":"https:\/\/dev.goodseedeurope.com\/index.php?rest_route=\/wp\/v2\/pages\/73\/revisions\/85"}],"wp:attachment":[{"href":"https:\/\/dev.goodseedeurope.com\/index.php?rest_route=%2Fwp%2Fv2%2Fmedia&parent=73"}],"curies":[{"name":"wp","href":"https:\/\/api.w.org\/{rel}","templated":true}]}}