{"id":76,"date":"2024-12-18T18:51:16","date_gmt":"2024-12-18T18:51:16","guid":{"rendered":"https:\/\/dev.goodseedeurope.com\/?page_id=76"},"modified":"2024-12-19T23:11:39","modified_gmt":"2024-12-19T23:11:39","slug":"uber-goodseed","status":"publish","type":"page","link":"https:\/\/dev.goodseedeurope.com\/?page_id=76","title":{"rendered":"\u00dcber Goodseed"},"content":{"rendered":"\n<figure class=\"wp-block-image alignfull size-large\"><img loading=\"lazy\" decoding=\"async\" width=\"1024\" height=\"393\" src=\"https:\/\/dev.goodseedeurope.com\/wp-content\/uploads\/2024\/12\/about-goodseed-group-photo-1024x393.jpg\" alt=\"\" class=\"wp-image-28\" srcset=\"https:\/\/dev.goodseedeurope.com\/wp-content\/uploads\/2024\/12\/about-goodseed-group-photo-1024x393.jpg 1024w, https:\/\/dev.goodseedeurope.com\/wp-content\/uploads\/2024\/12\/about-goodseed-group-photo-300x115.jpg 300w, https:\/\/dev.goodseedeurope.com\/wp-content\/uploads\/2024\/12\/about-goodseed-group-photo-768x295.jpg 768w, https:\/\/dev.goodseedeurope.com\/wp-content\/uploads\/2024\/12\/about-goodseed-group-photo.jpg 1200w\" sizes=\"auto, (max-width: 1024px) 100vw, 1024px\" \/><\/figure>\n\n\n\n<p>Der Dienst von GoodSeed besteht darin andere mit hilfreichen Medien zuzur\u00fcsten, welche das Evangelium erk\u00e4ren. Wir bieten ebenfalls Schulungen dar\u00fcber an, wie man sich einen lebenslangen Lebensstiel als Botschafter Jesu Christi aneignen kann.<\/p>\n\n\n\n<h3 class=\"wp-block-heading alignfull has-text-align-center has-pale-cyan-blue-background-color has-background\">WIE ALLES BEGAN<\/h3>\n\n\n\n<p id=\"u2270-2\">25 Jahre unter entlegenden Stammesv\u00f6lkern lie\u00dfen John Cross und seine Mitarbeiter Folgendes lernen: Wenn man Menschen die Bibel fortlaufend erkl\u00e4rt &#8211; beginnend mit der Sch\u00f6pfung, bis hin zu Christus -, lernen sie die notwendigen Grundlagen, um verstehen zu k\u00f6nnen wer der Sch\u00f6pfer-Gott ist, und warum Jesus Christus sterben und auferstehen musste. Wenn man das Evangelium auf diese Art erkl\u00e4rt, ergibt es einen tiefen Sinn. Viele haben es verstanden und glaubten.<\/p>\n\n\n\n<p id=\"u2270-5\">Bei seinen Reisen um die Welt, stellte John schlie\u00dflich fest, dass viele Leute, auf die er traf, eine Gemeinsamkeit mit den Menschen aus den St\u00e4mmen hatten. Sie wussten ebenfalls nichts \u00fcber Gott und besa\u00dfen keine Grundlage, um verstehen zu k\u00f6nnen, wer Jesus Christus ist.<\/p>\n\n\n\n<div class=\"wp-block-columns is-layout-flex wp-container-core-columns-is-layout-28f84493 wp-block-columns-is-layout-flex\">\n<div class=\"wp-block-column is-layout-flow wp-block-column-is-layout-flow\" style=\"flex-basis:33.33%\">\n<p>Bei seinen Reisen um die Welt, stellte John schlie\u00dflich fest, dass viele Leute, auf die er traf, eine Gemeinsamkeit mit den Menschen aus den St\u00e4mmen hatten. Sie wussten ebenfalls nichts \u00fcber Gott und besa\u00dfen keine Grundlage, um verstehen zu k\u00f6nnen, wer Jesus Christus ist.<\/p>\n<\/div>\n\n\n\n<div class=\"wp-block-column is-layout-flow wp-block-column-is-layout-flow\" style=\"flex-basis:66.66%\">\n<figure class=\"wp-block-image size-large\"><img loading=\"lazy\" decoding=\"async\" width=\"1024\" height=\"557\" src=\"https:\/\/dev.goodseedeurope.com\/wp-content\/uploads\/2024\/12\/giveaway-bundle-1024x557.jpg\" alt=\"\" class=\"wp-image-47\" srcset=\"https:\/\/dev.goodseedeurope.com\/wp-content\/uploads\/2024\/12\/giveaway-bundle-1024x557.jpg 1024w, https:\/\/dev.goodseedeurope.com\/wp-content\/uploads\/2024\/12\/giveaway-bundle-300x163.jpg 300w, https:\/\/dev.goodseedeurope.com\/wp-content\/uploads\/2024\/12\/giveaway-bundle-768x418.jpg 768w, https:\/\/dev.goodseedeurope.com\/wp-content\/uploads\/2024\/12\/giveaway-bundle-1536x836.jpg 1536w, https:\/\/dev.goodseedeurope.com\/wp-content\/uploads\/2024\/12\/giveaway-bundle-2048x1115.jpg 2048w\" sizes=\"auto, (max-width: 1024px) 100vw, 1024px\" \/><\/figure>\n<\/div>\n<\/div>\n\n\n\n<p id=\"u2270-9\">Aus diesem Grund schrieb er ein Buch, wobei er dieselbe biblische Herangehensweise benutzte, die sich bereits bei den Stammesv\u00f6lkern so sehr bew\u00e4hrt hatte. Ein Buch, das man einfach verschenken, oder dazu benutzen konnte, Menschen anhand eines Kurses das Evangelium zu erkl\u00e4ren.<\/p>\n\n\n\n<p id=\"u2270-10\">&nbsp;Nachdem das Buch The Stranger on the Road to Emmaus 1997 ( in englisch ) ver\u00f6ffentlicht wurde, kamen Anfragen aus der ganzen Welt: \u201eIst das Buch auch in deutsch erh\u00e4ltlich? Oder in franz\u00f6sisch? Gibt es eine H\u00f6rbuch-Version?&#8221; Um diesen Nachfragen entsprechen zu k\u00f6nnen, wurde GoodSeed gegr\u00fcndet.<\/p>\n\n\n\n<h3 class=\"wp-block-heading alignfull has-text-align-center has-background\" style=\"background-color:#bbffa1\">WAS GESCHIEHT HEUTE BEI GOODSEED?<\/h3>\n\n\n\n<div class=\"wp-block-columns is-layout-flex wp-container-core-columns-is-layout-28f84493 wp-block-columns-is-layout-flex\">\n<div class=\"wp-block-column is-layout-flow wp-block-column-is-layout-flow\">\n<figure class=\"wp-block-image size-full\"><img loading=\"lazy\" decoding=\"async\" width=\"270\" height=\"406\" src=\"https:\/\/dev.goodseedeurope.com\/wp-content\/uploads\/2024\/12\/image.png\" alt=\"\" class=\"wp-image-77\" srcset=\"https:\/\/dev.goodseedeurope.com\/wp-content\/uploads\/2024\/12\/image.png 270w, https:\/\/dev.goodseedeurope.com\/wp-content\/uploads\/2024\/12\/image-200x300.png 200w\" sizes=\"auto, (max-width: 270px) 100vw, 270px\" \/><\/figure>\n<\/div>\n\n\n\n<div class=\"wp-block-column is-layout-flow wp-block-column-is-layout-flow\">\n<p id=\"u2317-2\">Als ein international wachsendes Werk, konzentriert sich GoodSeed weiterhin darauf hilfreiche Medien herzustellen, welche die speziellen Bed\u00fcrfnisse derer erf\u00fcllen, die das Evangelium weitergeben m\u00f6chten. Diese Medien werden von Kirchengemeinden, Missionaren, Missionsgesellschaften, Schulen und Gl\u00e4ubigen auf der ganzen Welt genutzt.<\/p>\n<\/div>\n<\/div>\n\n\n\n<p>&nbsp;Es gibt sechs B\u00fcros von GoodSeed mit insgesamt \u00fcber 70 Mitarbeitern, die daran arbeiten weitere Medien in mehr als 60 Sprachen zu entwickeln. In unserem Team befinden sich \u00dcbersetzer, Linguisten, Buchhalter, Planungs- und Marketingteams, Autoren, Graphiker, Korrektoren und Juristen.<\/p>\n\n\n\n<h3 class=\"wp-block-heading alignfull has-text-align-center has-background\" style=\"background-color:#ffefb1\">WIE GEHEN WIR VOR?<\/h3>\n\n\n\n<div class=\"wp-block-columns is-layout-flex wp-container-core-columns-is-layout-28f84493 wp-block-columns-is-layout-flex\">\n<div class=\"wp-block-column is-layout-flow wp-block-column-is-layout-flow\">\n<ul id=\"u2276-11\" class=\"wp-block-list\">\n<li>Als gemeinn\u00fctziges Werk ist es unser Anliegen andere mit hilfreichem Material zuzur\u00fcsten.<\/li>\n\n\n\n<li>Wir arbeiten mit anderen Missionswerken zusammen, um den gr\u00f6\u00dftm\u00f6glichen Nutzen zu erwirken.<\/li>\n\n\n\n<li>Wir sind sehr bem\u00fcht unsere allgemeine Kosten gering zu halten.<\/li>\n\n\n\n<li>Mitarbeiter bekommen kein Honorar f\u00fcr ihre gestalterische Arbeit.<\/li>\n<\/ul>\n<\/div>\n\n\n\n<div class=\"wp-block-column is-layout-flow wp-block-column-is-layout-flow\">\n<figure class=\"wp-block-image size-full\"><img loading=\"lazy\" decoding=\"async\" width=\"640\" height=\"427\" src=\"https:\/\/dev.goodseedeurope.com\/wp-content\/uploads\/2024\/12\/term-live-filming.jpg\" alt=\"\" class=\"wp-image-57\" srcset=\"https:\/\/dev.goodseedeurope.com\/wp-content\/uploads\/2024\/12\/term-live-filming.jpg 640w, https:\/\/dev.goodseedeurope.com\/wp-content\/uploads\/2024\/12\/term-live-filming-300x200.jpg 300w\" sizes=\"auto, (max-width: 640px) 100vw, 640px\" \/><\/figure>\n<\/div>\n<\/div>\n","protected":false},"excerpt":{"rendered":"<p>Der Dienst von GoodSeed besteht darin andere mit hilfreichen Medien zuzur\u00fcsten, welche das Evangelium erk\u00e4ren. Wir bieten ebenfalls Schulungen dar\u00fcber an, wie man sich einen lebenslangen Lebensstiel als Botschafter Jesu Christi aneignen kann. WIE ALLES BEGAN 25 Jahre unter entlegenden Stammesv\u00f6lkern lie\u00dfen John Cross und seine Mitarbeiter Folgendes lernen: Wenn man Menschen die Bibel fortlaufend [&hellip;]<\/p>\n","protected":false},"author":1,"featured_media":0,"parent":0,"menu_order":0,"comment_status":"closed","ping_status":"closed","template":"","meta":{"footnotes":""},"class_list":["post-76","page","type-page","status-publish","hentry"],"_links":{"self":[{"href":"https:\/\/dev.goodseedeurope.com\/index.php?rest_route=\/wp\/v2\/pages\/76","targetHints":{"allow":["GET"]}}],"collection":[{"href":"https:\/\/dev.goodseedeurope.com\/index.php?rest_route=\/wp\/v2\/pages"}],"about":[{"href":"https:\/\/dev.goodseedeurope.com\/index.php?rest_route=\/wp\/v2\/types\/page"}],"author":[{"embeddable":true,"href":"https:\/\/dev.goodseedeurope.com\/index.php?rest_route=\/wp\/v2\/users\/1"}],"replies":[{"embeddable":true,"href":"https:\/\/dev.goodseedeurope.com\/index.php?rest_route=%2Fwp%2Fv2%2Fcomments&post=76"}],"version-history":[{"count":4,"href":"https:\/\/dev.goodseedeurope.com\/index.php?rest_route=\/wp\/v2\/pages\/76\/revisions"}],"predecessor-version":[{"id":144,"href":"https:\/\/dev.goodseedeurope.com\/index.php?rest_route=\/wp\/v2\/pages\/76\/revisions\/144"}],"wp:attachment":[{"href":"https:\/\/dev.goodseedeurope.com\/index.php?rest_route=%2Fwp%2Fv2%2Fmedia&parent=76"}],"curies":[{"name":"wp","href":"https:\/\/api.w.org\/{rel}","templated":true}]}}