{"id":92,"date":"2024-12-18T19:38:51","date_gmt":"2024-12-18T19:38:51","guid":{"rendered":"https:\/\/dev.goodseedeurope.com\/?page_id=92"},"modified":"2024-12-18T21:48:17","modified_gmt":"2024-12-18T21:48:17","slug":"der-aufbau-unserer-medien","status":"publish","type":"page","link":"https:\/\/dev.goodseedeurope.com\/?page_id=92","title":{"rendered":"Der aufbau unserer medien"},"content":{"rendered":"\n<figure class=\"wp-block-image alignfull size-large\"><img loading=\"lazy\" decoding=\"async\" width=\"1024\" height=\"398\" src=\"https:\/\/dev.goodseedeurope.com\/wp-content\/uploads\/2023\/05\/architecture-city-1024x398.jpg\" alt=\"\" class=\"wp-image-10\" srcset=\"https:\/\/dev.goodseedeurope.com\/wp-content\/uploads\/2023\/05\/architecture-city-1024x398.jpg 1024w, https:\/\/dev.goodseedeurope.com\/wp-content\/uploads\/2023\/05\/architecture-city-300x117.jpg 300w, https:\/\/dev.goodseedeurope.com\/wp-content\/uploads\/2023\/05\/architecture-city-768x298.jpg 768w, https:\/\/dev.goodseedeurope.com\/wp-content\/uploads\/2023\/05\/architecture-city-1536x597.jpg 1536w, https:\/\/dev.goodseedeurope.com\/wp-content\/uploads\/2023\/05\/architecture-city.jpg 1598w\" sizes=\"auto, (max-width: 1024px) 100vw, 1024px\" \/><\/figure>\n\n\n\n<h2 class=\"wp-block-heading alignfull has-text-align-center has-background has-large-font-size\" style=\"background-color:#ffefb1\">Ein biblisches Model, um die Botschaft der Bibel weiterzusagen<\/h2>\n\n\n\n<p>Es war an einem Sonntag vor 2000 Jahren, dem Auferstehungstag von Jesus Christus. An diesem Tag befanden sich zwei von seinen J\u00fcngern auf dem Weg von Jerusalem nach Emmaus, als sich Jesus selbst zu ihnen gesellte. Sie erkannten ihn aber nicht.<\/p>\n\n\n\n<p>\u201eUnd er sprach zu ihnen: \u201eWas habt ihr unterwegs miteinander besprochen, und warum seid ihr so traurig?\u201c Da antwortete der eine, dessen Name Kleopas war, und sprach zu ihm: \u201eBist du der einzige Fremdling in Jerusalem, der nicht erfahren hat, was dort geschehen ist in diesen Tagen?\u201c Und er sprach zu ihnen: \u201eWas?\u201c Sie sprachen zu ihm: \u201eDas mit Jesus, dem Nazarener, der ein Prophet war, m\u00e4chtig in Tat und Wort vor Gott und dem ganzen Volk; wie ihn unsere obersten Priester und f\u00fchrenden M\u00e4nner ausgeliefert haben, dass er zum Tode verurteilt und gekreuzigt wurde.<\/p>\n\n\n\n<p>Wir aber hofften, er sei der, welcher Israel erl\u00f6sen sollte.<\/p>\n\n\n\n<div class=\"wp-block-columns is-layout-flex wp-container-core-columns-is-layout-28f84493 wp-block-columns-is-layout-flex\">\n<div class=\"wp-block-column is-layout-flow wp-block-column-is-layout-flow\">\n<p>Ja, bei alledem ist heute schon der dritte Tag, seit dies geschehen ist! Zudem haben uns auch einige Frauen aus unserer Mitte in Verwirrung gebracht; sie waren am Morgen fr\u00fch beim Grab, fanden seinen Leib nicht, kamen und sagten, sie h\u00e4tten sogar eine Erscheinung von Engeln gesehen, welche sagten, er lebe.<\/p>\n<\/div>\n\n\n\n<div class=\"wp-block-column is-layout-flow wp-block-column-is-layout-flow\">\n<p class=\"has-vivid-red-color has-text-color has-link-color has-medium-font-size wp-elements-d4a79e2069dd6a9ab3578929925820eb\"><strong><em>Und er begann bei Mose und bei allen Propheten und legte ihnen in allen Schriften aus, was sich auf ihn bezieht. <\/em><\/strong><br><strong><em>Lukas 24, 17-27<\/em><\/strong><\/p>\n<\/div>\n<\/div>\n\n\n\n<p>Und etliche der Unsrigen gingen hin zum Grab und fanden es so, wie es auch die Frauen gesagt hatten; ihn selbst aber haben sie nicht gesehen.\u201c<\/p>\n\n\n\n<p>Und er sprach zu ihnen: \u201eO ihr Unverst\u00e4ndigen, wie ist doch euer Herz tr\u00e4ge, zu glauben an alles, was die Propheten geredet haben! Musste nicht der Christus dies erleiden und in seine Herrlichkeit eingehen?\u201c Und er begann bei Mose und bei allen Propheten und legte ihnen in allen Schriften aus, was sich auf ihn bezieht.&#8221; Lukas 24, 17-27 (Schlachter 2000)<\/p>\n\n\n\n<p>Jesus bezog sich auf Mose und die Propheten, d.h. das \u201eAlte Testament\u201c,&nbsp; um zu erkl\u00e4ren wer er war und was er am Kreuz vollbracht hat.<\/p>\n\n\n\n<p>Die B\u00fccher von GoodSeed benutzen denselben Ansatz, den Jesus auf dem Weg nach Emmaus gebraucht hat, um die Botschaft der Bibel zu erkl\u00e4ren. Sie beginnen ebenfalls ganz am Anfang um die biblische Botschaft zu erkl\u00e4ren.<\/p>\n\n\n\n<h2 class=\"wp-block-heading alignfull has-text-align-center has-pale-cyan-blue-background-color has-background has-large-font-size\">Der biblische Inhalt, um die Botschaft der Bibel weiterzusagen<\/h2>\n\n\n\n<p>H\u00e4ufig wird das Johannesevangelium gebraucht, um das Evangelium weiterzugeben, da es oft als die inspirierte und ma\u00dfgebliche Autorit\u00e4t im Hinblick auf die biblische Kernbotschaft angesehen wird.<\/p>\n\n\n\n<p>\u201eNoch viele andere Zeichen tat Jesus vor seinen J\u00fcngern, die nicht geschrieben sind in diesem Buch. Diese aber sind geschrieben, damit ihr glaubt, dass Jesus der Christus ist, der Sohn Gottes, und damit ihr durch den Glauben das Leben habt in seinem Namen.&#8221; Joh. 20, 30-31 (Luther 84)<\/p>\n\n\n\n<p>Da dieses Evangelium geschrieben wurde, damit Menschen glauben k\u00f6nnen, beinhaltet es das Wesentliche der biblischen Botschaft.<\/p>\n\n\n\n<blockquote class=\"wp-block-quote is-layout-flow wp-block-quote-is-layout-flow\">\n<p class=\"has-vivid-red-color has-text-color has-link-color has-large-font-size wp-elements-4c556bca0d2d9e954813f7345ba26293\">Allein in den ersten beiden Kapiteln des Johannesevangeliums finden sich nicht weniger als 55 Hinweise auf Begriffe, Redewendungen, Br\u00e4uche, Dinge, Personen und geografische Orte, die der Durchschnittsmensch von heute einfach nicht kennt.<\/p>\n<\/blockquote>\n\n\n\n<p>Die Menschen, denen Johannes schrieb, verstanden die Botschaft, weil sie mit dem Hintergrund und den Zusammenh\u00e4ngen vertraut waren. Aber den Menschen, die \u00fcberhaupt keine Vorkenntnis \u00fcber die Bibel haben und nicht mit der damaligen Zeit und Kultur vertraut sind, mag das Lesen des Johannesevangeliums nicht sofort ein deutliches Verst\u00e4ndnis vom Evangelium geben.<\/p>\n\n\n\n<p>Zum Beispiel sind allein in den ersten zwei Kapiteln des Johannesevangeliums nicht weniger als 55 Anspielungen auf Ausdr\u00fccke, Br\u00e4uche, Dinge, Personen oder geographische Pl\u00e4tze, die der durchschnittliche Mensch von heute einfach nicht kennt.<\/p>\n\n\n\n<p>Es hei\u00dft zum Beispiel in Johannes 3, 14 \u2013 15:<\/p>\n\n\n\n<p>\u201eUnd wie Mose in der W\u00fcste die Schlange erh\u00f6ht hat, so muss der Menschensohn erh\u00f6ht werden, damit alle, die an ihn glauben, das ewige Leben haben.\u201c<\/p>\n\n\n\n<p>Wer ist Mose? War er der Menschensohn? Warum hat Mose eine Schlange aufgehoben? War die Schlange tot oder lebendig? Wurde Mose gebissen?<\/p>\n\n\n\n<p>Was hat Mose in der W\u00fcste gemacht? Und was bedeutet \u201eewiges Leben\u201c? Ist das dasselbe wie Reinkarnation?<\/p>\n\n\n\n<p>Deswegen benutzen wir den Aufbau des Johannesevangeliums um:<\/p>\n\n\n\n<ul id=\"u1641-35\" class=\"wp-block-list\">\n<li>Festzulegen, was n\u00f6tig ist zu erz\u00e4hlen und,<\/li>\n\n\n\n<li>Sicherzustellen, dass genug vom Hintergrund aufgezeigt wird, so dass jeder die richtige Bedeutung des Geschilderten verstehen kann.<\/li>\n<\/ul>\n\n\n\n<p>In dieser Weise wurde sowohl der Inhalt als auch der Aufbau von den GoodSeed Medien gestaltet. Zusammenfassend k\u00f6nnte man also Folgendes sagen: Wir lehren das Johannesevangelium, und erkl\u00e4ren dabei die meisten seiner Hintergrundgeschichten.<\/p>\n","protected":false},"excerpt":{"rendered":"<p>Ein biblisches Model, um die Botschaft der Bibel weiterzusagen Es war an einem Sonntag vor 2000 Jahren, dem Auferstehungstag von Jesus Christus. An diesem Tag befanden sich zwei von seinen J\u00fcngern auf dem Weg von Jerusalem nach Emmaus, als sich Jesus selbst zu ihnen gesellte. Sie erkannten ihn aber nicht. \u201eUnd er sprach zu ihnen: [&hellip;]<\/p>\n","protected":false},"author":1,"featured_media":0,"parent":0,"menu_order":0,"comment_status":"closed","ping_status":"closed","template":"","meta":{"footnotes":""},"class_list":["post-92","page","type-page","status-publish","hentry"],"_links":{"self":[{"href":"https:\/\/dev.goodseedeurope.com\/index.php?rest_route=\/wp\/v2\/pages\/92","targetHints":{"allow":["GET"]}}],"collection":[{"href":"https:\/\/dev.goodseedeurope.com\/index.php?rest_route=\/wp\/v2\/pages"}],"about":[{"href":"https:\/\/dev.goodseedeurope.com\/index.php?rest_route=\/wp\/v2\/types\/page"}],"author":[{"embeddable":true,"href":"https:\/\/dev.goodseedeurope.com\/index.php?rest_route=\/wp\/v2\/users\/1"}],"replies":[{"embeddable":true,"href":"https:\/\/dev.goodseedeurope.com\/index.php?rest_route=%2Fwp%2Fv2%2Fcomments&post=92"}],"version-history":[{"count":3,"href":"https:\/\/dev.goodseedeurope.com\/index.php?rest_route=\/wp\/v2\/pages\/92\/revisions"}],"predecessor-version":[{"id":111,"href":"https:\/\/dev.goodseedeurope.com\/index.php?rest_route=\/wp\/v2\/pages\/92\/revisions\/111"}],"wp:attachment":[{"href":"https:\/\/dev.goodseedeurope.com\/index.php?rest_route=%2Fwp%2Fv2%2Fmedia&parent=92"}],"curies":[{"name":"wp","href":"https:\/\/api.w.org\/{rel}","templated":true}]}}